{"id":419,"date":"2025-09-17T06:05:02","date_gmt":"2025-09-17T06:05:02","guid":{"rendered":"https:\/\/greekyouth.org\/?page_id=419"},"modified":"2025-11-06T07:30:21","modified_gmt":"2025-11-06T12:30:21","slug":"community-bulletin","status":"publish","type":"page","link":"https:\/\/greekyouth.org\/fr\/community-bulletin\/","title":{"rendered":"Bulletin communautaire"},"content":{"rendered":"<div data-elementor-type=\"wp-page\" data-elementor-id=\"419\" class=\"elementor elementor-419\">\n\t\t\t\t<div class=\"elementor-element elementor-element-9e7afff e-flex e-con-boxed e-con e-parent\" data-id=\"9e7afff\" data-element_type=\"container\" data-e-type=\"container\">\n\t\t\t\t\t<div class=\"e-con-inner\">\n\t\t\t\t<div class=\"elementor-element elementor-element-e6cffa4 elementor-widget elementor-widget-heading\" data-id=\"e6cffa4\" data-element_type=\"widget\" data-e-type=\"widget\" data-widget_type=\"heading.default\">\n\t\t\t\t\t<h1 class=\"elementor-heading-title elementor-size-default\">Bulletin communautaire<\/h1>\t\t\t\t<\/div>\n\t\t\t\t\t<\/div>\n\t\t\t\t<\/div>\n\t\t<div class=\"elementor-element elementor-element-677b8e2 e-flex e-con-boxed e-con e-parent\" data-id=\"677b8e2\" data-element_type=\"container\" data-e-type=\"container\">\n\t\t\t\t\t<div class=\"e-con-inner\">\n\t\t\t\t<div class=\"elementor-element elementor-element-8adaf6d elementor-widget elementor-widget-shortcode\" data-id=\"8adaf6d\" data-element_type=\"widget\" data-e-type=\"widget\" data-widget_type=\"shortcode.default\">\n\t\t\t\t\t\t\t<div class=\"elementor-shortcode\"><div id=\"metaslider-id-559\" style=\"width: 100%; margin: 0 auto;\" class=\"ml-slider-3-108-0 metaslider metaslider-flex metaslider-559 ml-slider has-onhover-arrows has-carousel-mode ms-theme-default-base nav-hidden\" role=\"region\" aria-label=\"New Slideshow\" data-height=\"370\" data-width=\"700\">\n    <div id=\"metaslider_container_559\">\n        <div id=\"metaslider_559\">\n            <ul aria-live='off' class='slides'>\n                <li style=\"display: none; width: 100%;\" class=\"slide-560 ms-image\" aria-roledescription=\"slide\" data-date=\"2025-09-23 06:17:33\" data-filename=\"GreekFlag-\u0391-700x370.jpg\" data-slide-type=\"image\"><img fetchpriority=\"high\" decoding=\"async\" src=\"https:\/\/greekyouth.org\/wp-content\/uploads\/2025\/08\/GreekFlag-\u0391-700x370.jpg\" height=\"370\" width=\"700\" alt=\"\" class=\"slider-559 slide-560 msDefaultImage\" title=\"GreekFlag-\u0391\" \/><\/li>\n                <li style=\"display: none; width: 100%;\" class=\"slide-561 ms-image\" aria-roledescription=\"slide\" data-date=\"2025-09-23 06:17:58\" data-filename=\"felix-fischer-IdTFypoEzZI-unsplash-scaled-700x370.jpg\" data-slide-type=\"image\"><img decoding=\"async\" src=\"https:\/\/greekyouth.org\/wp-content\/uploads\/2025\/09\/felix-fischer-IdTFypoEzZI-unsplash-scaled-700x370.jpg\" height=\"370\" width=\"700\" alt=\"\" class=\"slider-559 slide-561 msDefaultImage\" title=\"felix-fischer-IdTFypoEzZI-unsplash\" \/><\/li>\n                <li style=\"display: none; width: 100%;\" class=\"slide-562 ms-image\" aria-roledescription=\"slide\" data-date=\"2025-09-23 06:18:09\" data-filename=\"joao-viegas-31NIsz-f5G0-unsplash-scaled-700x370.jpg\" data-slide-type=\"image\"><img decoding=\"async\" src=\"https:\/\/greekyouth.org\/wp-content\/uploads\/2025\/09\/joao-viegas-31NIsz-f5G0-unsplash-scaled-700x370.jpg\" height=\"370\" width=\"700\" alt=\"\" class=\"slider-559 slide-562 msDefaultImage\" title=\"joao-viegas-31NIsz-f5G0-unsplash\" \/><\/li>\n                <li style=\"display: none; width: 100%;\" class=\"slide-563 ms-image\" aria-roledescription=\"slide\" data-date=\"2025-09-23 06:18:24\" data-filename=\"photo-1571260899304-425eee4c7efc-700x370.webp\" data-slide-type=\"image\"><img loading=\"lazy\" decoding=\"async\" src=\"https:\/\/greekyouth.org\/wp-content\/uploads\/2025\/09\/photo-1571260899304-425eee4c7efc-700x370.webp\" height=\"370\" width=\"700\" alt=\"\" class=\"slider-559 slide-563 msDefaultImage\" title=\"photo-1571260899304-425eee4c7efc\" \/><\/li>\n            <\/ul>\n        <\/div>\n        \n    <\/div>\n<\/div>\n<\/div>\n\t\t\t\t\t\t<\/div>\n\t\t\t\t\t<\/div>\n\t\t\t\t<\/div>\n\t\t<div class=\"elementor-element elementor-element-ff03e14 e-flex e-con-boxed e-con e-parent\" data-id=\"ff03e14\" data-element_type=\"container\" data-e-type=\"container\">\n\t\t\t\t\t<div class=\"e-con-inner\">\n\t\t\t\t<div class=\"elementor-element elementor-element-e3b0deb elementor-widget elementor-widget-text-editor\" data-id=\"e3b0deb\" data-element_type=\"widget\" data-e-type=\"widget\" data-widget_type=\"text-editor.default\">\n\t\t\t\t\t\t\t\t\t<p>\u00a0<\/p><p><span style=\"color: #333333;\">A\u00a0<strong>espace dynamique et interactif<\/strong>\u00a0permettant aux jeunes grecs (\u00e2g\u00e9s de 12 \u00e0 34 ans ) de <strong>s'engager activement<\/strong> au-del\u00e0 du r\u00e9seautage structur\u00e9 et des offres d'emploi... Pour partager <strong>des annonces de temps r\u00e9el, des opportunit\u00e9s et des mises \u00e0 jour communautaires!<\/strong>\u00a0Que vous\u00a0<strong>organisez un \u00e9v\u00e9nement, offriez une offre sp\u00e9ciale ou cherchez des recommandations,<\/strong>c'est l'endroit id\u00e9al pour rester inform\u00e9 et participer \u00e0\u00a0<strong>des mises \u00e0 jour plus informelles en temps r\u00e9el, du contenu communautaire, et <\/strong>pour vous connecter avec des personnes partageant les m\u00eames id\u00e9es.<\/span><\/p><h3>\u00a0<\/h3><h3 style=\"font-weight: 400;\"><span style=\"color: #333333;\"><strong>Que peut-on publier avec la Jeunesse Grecque?<\/strong><\/span><\/h3><p>\u00a0<\/p><ul><li style=\"font-weight: 400;\"><h4><span style=\"color: #333333;\"><strong>Annonces communautaires &amp; Avis g\u00e9n\u00e9raux<\/strong><\/span><\/h4><\/li><\/ul><p><span style=\"color: #333333;\"><strong>\u2026 Actualit\u00e9s de la communaut\u00e9 grecque<\/strong>\u00a0\u2013 Restez inform\u00e9\u00a0<strong>des nouvelles importantes, des initiatives culturelles ou des projets <\/strong>\u00e0 venir dans les organisations et entreprises grecques!<\/span><\/p><p><span style=\"color: #333333;\"><strong>\u2026 \u00c9crivez un article de blog<\/strong> \u00a0\u2013 Partagez votre exp\u00e9rience et motivez les autres, qu'il s'agisse <strong>d'\u00e9tudier \u00e0 l'\u00e9tranger en Gr\u00e8ce, d'assister \u00e0 un festival grec ou de diriger une petite entreprise!<\/strong>!<\/span><\/p><p><span style=\"color: #333333;\"><strong>\u2026 Vous cherchez\u2026? <\/strong><\/span><span style=\"color: #333333;\">\u00a0\u2013 Vous avez besoin\u00a0<strong>d'un DJ grec pour votre f\u00eate? D'un colocataire dans un quartier grec?<\/strong>\u00a0Postez votre demande ici!<\/span><\/p><p><span style=\"color: #333333;\"><strong>\u2026 Objets trouv\u00e9s<\/strong>\u00a0Vous avez \u00e9gar\u00e9 quelque chose lors d'un \u00e9v\u00e9nement grec? C'est ici que vous pouvez essayer de le r\u00e9cup\u00e9rer!<\/span><\/p><p>\u00a0<\/p><ul><li style=\"font-weight: 400;\"><h4><span style=\"color: #333333;\"><strong>\u00a0<\/strong><\/span><span style=\"color: #333333;\"><strong>Connexions entre membres<\/strong><\/span><\/h4><\/li><\/ul><p><span style=\"color: #333333;\"><strong>\u2026 Vous recherchez un groupe de musique, un photographe ou un lieu pour organiser un \u00e9v\u00e9nement?<\/strong>\u00a0Demandez des recommandations \u00e0 la communaut\u00e9!<\/span><\/p><p><span style=\"color: #333333;\"><strong>\u2026 Trouvez et partagez des offres de logement<\/strong>\u00a0\u2013 Vous \u00eates \u00e9tudiant ou jeune professionnel \u00e0 la recherche\u00a0<strong>d'un colocataire, d'une sous-location ou d'une location?<\/strong>\u00a0Publiez votre annonce ici!<\/span><\/p><p><span style=\"color: #333333;\"><strong>\u2026 Rejoignez ou cr\u00e9ez un club ou une initiative grecque<\/strong>\u00a0\u2013 Vous souhaitez cr\u00e9er un\u00a0<strong>groupe de danse grecque, une \u00e9quipe de football, un club de lecture ou une initiative caritative ?<\/strong>\u00a0Trouvez des membres ici!<\/span><\/p><p>\u00a0<\/p><ul><li style=\"font-weight: 400;\"><h4><span style=\"color: #333333;\"><strong>Offres et promotions locales (exclusivement r\u00e9serv\u00e9es aux membres Greek Youth !)<\/strong><\/span><\/h4><\/li><\/ul><p><span style=\"color: #333333;\"><strong>\u2026 Sp\u00e9cialit\u00e9s du restaurant<\/strong>\u00a0\u2013 D\u00e9couvrez quels\u00a0<strong>restaurants et caf\u00e9s grecs<\/strong>\u00a0proposent\u00a0<strong>des offres sp\u00e9ciales pour les \u00e9tudiants ou des promotions \u00e9v\u00e9nementielles.<\/strong><\/span><\/p><p><span style=\"color: #333333;\"><strong>\u2026 Rabais \u00e0 dur\u00e9e limit\u00e9e<\/strong>\u00a0\u2013 Les entreprises peuvent publier des\u00a0<strong>offres sp\u00e9ciales sur des services tels que les salons de coiffure, les salles de sport, les lieux \u00e9v\u00e9nementiels et les agences de voyage.<\/strong><\/span><\/p><p><span style=\"color: #333333;\"><strong>\u2026 Cadeaux &amp; Concours exclusifs<\/strong>\u00a0\u2013 Interagissez avec la jeunesse grecque pour avoir une chance de gagner\u00a0<strong>des billets pour des \u00e9v\u00e9nements, des cartes-cadeaux ou de la merch!<\/strong><\/span><\/p><p><span style=\"color: #333333;\"><strong>\u2026 Sondages &amp; Discussions ludiques<\/strong>\u00a0\u2013 Votez sur des sujets tels que\u00a0<strong>\u00abLe meilleur restaurant de souvlaki grec au Canada\u00bb ou \u00abLes festivals grecs \u00e0 ne pas manquer!\u00bb<\/strong><\/span><\/p>\t\t\t\t\t\t\t\t<\/div>\n\t\t\t\t\t<\/div>\n\t\t\t\t<\/div>\n\t\t\t\t<\/div>","protected":false},"excerpt":{"rendered":"<p>Community Bulletin \u00a0 A\u00a0dynamic and interactive space\u00a0allowing Greek youth (ages 12-34) to actively engage beyond structured networking and job postings.\u2026to [&hellip;]<\/p>\n","protected":false},"author":1,"featured_media":0,"parent":0,"menu_order":0,"comment_status":"open","ping_status":"closed","template":"","meta":{"_coblocks_attr":"","_coblocks_dimensions":"","_coblocks_responsive_height":"","_coblocks_accordion_ie_support":"","site-sidebar-layout":"no-sidebar","site-content-layout":"","ast-site-content-layout":"full-width-container","site-content-style":"default","site-sidebar-style":"default","ast-global-header-display":"","ast-banner-title-visibility":"","ast-main-header-display":"","ast-hfb-above-header-display":"","ast-hfb-below-header-display":"","ast-hfb-mobile-header-display":"","site-post-title":"disabled","ast-breadcrumbs-content":"","ast-featured-img":"disabled","footer-sml-layout":"","ast-disable-related-posts":"","theme-transparent-header-meta":"","adv-header-id-meta":"","stick-header-meta":"","header-above-stick-meta":"","header-main-stick-meta":"","header-below-stick-meta":"","astra-migrate-meta-layouts":"default","ast-page-background-enabled":"default","ast-page-background-meta":{"desktop":{"background-color":"var(--ast-global-color-5)","background-image":"","background-repeat":"repeat","background-position":"center center","background-size":"auto","background-attachment":"scroll","background-type":"","background-media":"","overlay-type":"","overlay-color":"","overlay-opacity":"","overlay-gradient":""},"tablet":{"background-color":"","background-image":"","background-repeat":"repeat","background-position":"center center","background-size":"auto","background-attachment":"scroll","background-type":"","background-media":"","overlay-type":"","overlay-color":"","overlay-opacity":"","overlay-gradient":""},"mobile":{"background-color":"","background-image":"","background-repeat":"repeat","background-position":"center center","background-size":"auto","background-attachment":"scroll","background-type":"","background-media":"","overlay-type":"","overlay-color":"","overlay-opacity":"","overlay-gradient":""}},"ast-content-background-meta":{"desktop":{"background-color":"var(--ast-global-color-4)","background-image":"","background-repeat":"repeat","background-position":"center center","background-size":"auto","background-attachment":"scroll","background-type":"","background-media":"","overlay-type":"","overlay-color":"","overlay-opacity":"","overlay-gradient":""},"tablet":{"background-color":"var(--ast-global-color-4)","background-image":"","background-repeat":"repeat","background-position":"center center","background-size":"auto","background-attachment":"scroll","background-type":"","background-media":"","overlay-type":"","overlay-color":"","overlay-opacity":"","overlay-gradient":""},"mobile":{"background-color":"var(--ast-global-color-4)","background-image":"","background-repeat":"repeat","background-position":"center center","background-size":"auto","background-attachment":"scroll","background-type":"","background-media":"","overlay-type":"","overlay-color":"","overlay-opacity":"","overlay-gradient":""}},"_mc_calendar":[],"footnotes":""},"class_list":["post-419","page","type-page","status-publish","hentry"],"yoast_head":"<!-- This site is optimized with the Yoast SEO plugin v27.5 - https:\/\/yoast.com\/product\/yoast-seo-wordpress\/ -->\n<title>Community Bulletin \u2013 Greek Youth \/ Jeunesse Grecque<\/title>\n<meta name=\"description\" content=\"View announcements and updates from Greek associations, student groups, and youth organizations across Canada.\" \/>\n<meta name=\"robots\" content=\"index, follow, max-snippet:-1, max-image-preview:large, max-video-preview:-1\" \/>\n<link rel=\"canonical\" href=\"https:\/\/greekyouth.org\/fr\/community-bulletin\/\" \/>\n<meta property=\"og:locale\" content=\"fr_CA\" \/>\n<meta property=\"og:type\" content=\"article\" \/>\n<meta property=\"og:title\" content=\"Community Bulletin \u2013 Greek Youth \/ Jeunesse Grecque | Announcements &amp; Updates\" \/>\n<meta property=\"og:description\" content=\"View announcements and updates from Greek associations, student groups, and youth organizations across Canada.\" \/>\n<meta property=\"og:url\" content=\"https:\/\/greekyouth.org\/fr\/community-bulletin\/\" \/>\n<meta property=\"og:site_name\" content=\"Greek Youth Organization\" \/>\n<meta property=\"article:publisher\" content=\"https:\/\/www.facebook.com\/GreekYouthCanada\" \/>\n<meta property=\"article:modified_time\" content=\"2025-11-06T12:30:21+00:00\" \/>\n<meta property=\"og:image\" content=\"https:\/\/greekyouth.org\/wp-content\/uploads\/2025\/10\/greek-youth-dance.jpg\" \/>\n\t<meta property=\"og:image:width\" content=\"2158\" \/>\n\t<meta property=\"og:image:height\" content=\"2503\" \/>\n\t<meta property=\"og:image:type\" content=\"image\/jpeg\" \/>\n<meta name=\"twitter:card\" content=\"summary_large_image\" \/>\n<meta name=\"twitter:label1\" content=\"Estimation du temps de lecture\" \/>\n\t<meta name=\"twitter:data1\" content=\"3 minutes\" \/>\n<script type=\"application\/ld+json\" class=\"yoast-schema-graph\">{\"@context\":\"https:\\\/\\\/schema.org\",\"@graph\":[{\"@type\":\"WebPage\",\"@id\":\"https:\\\/\\\/greekyouth.org\\\/community-bulletin\\\/\",\"url\":\"https:\\\/\\\/greekyouth.org\\\/community-bulletin\\\/\",\"name\":\"Community Bulletin \u2013 Greek Youth \\\/ Jeunesse Grecque\",\"isPartOf\":{\"@id\":\"https:\\\/\\\/greekyouth.org\\\/#website\"},\"datePublished\":\"2025-09-17T06:05:02+00:00\",\"dateModified\":\"2025-11-06T12:30:21+00:00\",\"description\":\"View announcements and updates from Greek associations, student groups, and youth organizations across Canada.\",\"breadcrumb\":{\"@id\":\"https:\\\/\\\/greekyouth.org\\\/community-bulletin\\\/#breadcrumb\"},\"inLanguage\":\"fr-CA\",\"potentialAction\":[{\"@type\":\"ReadAction\",\"target\":[\"https:\\\/\\\/greekyouth.org\\\/community-bulletin\\\/\"]}]},{\"@type\":\"BreadcrumbList\",\"@id\":\"https:\\\/\\\/greekyouth.org\\\/community-bulletin\\\/#breadcrumb\",\"itemListElement\":[{\"@type\":\"ListItem\",\"position\":1,\"name\":\"Home\",\"item\":\"https:\\\/\\\/greekyouth.org\\\/\"},{\"@type\":\"ListItem\",\"position\":2,\"name\":\"Community Bulletin\"}]},{\"@type\":\"WebSite\",\"@id\":\"https:\\\/\\\/greekyouth.org\\\/#website\",\"url\":\"https:\\\/\\\/greekyouth.org\\\/\",\"name\":\"Greek Youth \\\/ Jeunesse Grecque\",\"description\":\"Uniting Greek Youth Across Canada\",\"publisher\":{\"@id\":\"https:\\\/\\\/greekyouth.org\\\/#organization\"},\"potentialAction\":[{\"@type\":\"SearchAction\",\"target\":{\"@type\":\"EntryPoint\",\"urlTemplate\":\"https:\\\/\\\/greekyouth.org\\\/?s={search_term_string}\"},\"query-input\":{\"@type\":\"PropertyValueSpecification\",\"valueRequired\":true,\"valueName\":\"search_term_string\"}}],\"inLanguage\":\"fr-CA\"},{\"@type\":\"Organization\",\"@id\":\"https:\\\/\\\/greekyouth.org\\\/#organization\",\"name\":\"Greek Youth Organization\",\"url\":\"https:\\\/\\\/greekyouth.org\\\/\",\"logo\":{\"@type\":\"ImageObject\",\"inLanguage\":\"fr-CA\",\"@id\":\"https:\\\/\\\/greekyouth.org\\\/#\\\/schema\\\/logo\\\/image\\\/\",\"url\":\"https:\\\/\\\/greekyouth.org\\\/wp-content\\\/uploads\\\/2025\\\/06\\\/GREEK-YOUTH-Logo-OFFICIAL-PNG.png\",\"contentUrl\":\"https:\\\/\\\/greekyouth.org\\\/wp-content\\\/uploads\\\/2025\\\/06\\\/GREEK-YOUTH-Logo-OFFICIAL-PNG.png\",\"width\":704,\"height\":1016,\"caption\":\"Greek Youth Organization\"},\"image\":{\"@id\":\"https:\\\/\\\/greekyouth.org\\\/#\\\/schema\\\/logo\\\/image\\\/\"},\"sameAs\":[\"https:\\\/\\\/www.facebook.com\\\/GreekYouthCanada\",\"https:\\\/\\\/www.instagram.com\\\/GreekYouthCanada\"]}]}<\/script>\n<!-- \/ Yoast SEO plugin. -->","yoast_head_json":{"title":"Community Bulletin \u2013 Greek Youth \/ Jeunesse Grecque","description":"View announcements and updates from Greek associations, student groups, and youth organizations across Canada.","robots":{"index":"index","follow":"follow","max-snippet":"max-snippet:-1","max-image-preview":"max-image-preview:large","max-video-preview":"max-video-preview:-1"},"canonical":"https:\/\/greekyouth.org\/fr\/community-bulletin\/","og_locale":"fr_CA","og_type":"article","og_title":"Community Bulletin \u2013 Greek Youth \/ Jeunesse Grecque | Announcements & Updates","og_description":"View announcements and updates from Greek associations, student groups, and youth organizations across Canada.","og_url":"https:\/\/greekyouth.org\/fr\/community-bulletin\/","og_site_name":"Greek Youth Organization","article_publisher":"https:\/\/www.facebook.com\/GreekYouthCanada","article_modified_time":"2025-11-06T12:30:21+00:00","og_image":[{"width":2158,"height":2503,"url":"https:\/\/greekyouth.org\/wp-content\/uploads\/2025\/10\/greek-youth-dance.jpg","type":"image\/jpeg"}],"twitter_card":"summary_large_image","twitter_misc":{"Estimation du temps de lecture":"3 minutes"},"schema":{"@context":"https:\/\/schema.org","@graph":[{"@type":"WebPage","@id":"https:\/\/greekyouth.org\/community-bulletin\/","url":"https:\/\/greekyouth.org\/community-bulletin\/","name":"Community Bulletin \u2013 Greek Youth \/ Jeunesse Grecque","isPartOf":{"@id":"https:\/\/greekyouth.org\/#website"},"datePublished":"2025-09-17T06:05:02+00:00","dateModified":"2025-11-06T12:30:21+00:00","description":"View announcements and updates from Greek associations, student groups, and youth organizations across Canada.","breadcrumb":{"@id":"https:\/\/greekyouth.org\/community-bulletin\/#breadcrumb"},"inLanguage":"fr-CA","potentialAction":[{"@type":"ReadAction","target":["https:\/\/greekyouth.org\/community-bulletin\/"]}]},{"@type":"BreadcrumbList","@id":"https:\/\/greekyouth.org\/community-bulletin\/#breadcrumb","itemListElement":[{"@type":"ListItem","position":1,"name":"Home","item":"https:\/\/greekyouth.org\/"},{"@type":"ListItem","position":2,"name":"Community Bulletin"}]},{"@type":"WebSite","@id":"https:\/\/greekyouth.org\/#website","url":"https:\/\/greekyouth.org\/","name":"Greek Youth \/ Jeunesse Grecque","description":"Unir la Jeunesse Grecque \u00e0 travers le Canada","publisher":{"@id":"https:\/\/greekyouth.org\/#organization"},"potentialAction":[{"@type":"SearchAction","target":{"@type":"EntryPoint","urlTemplate":"https:\/\/greekyouth.org\/?s={search_term_string}"},"query-input":{"@type":"PropertyValueSpecification","valueRequired":true,"valueName":"search_term_string"}}],"inLanguage":"fr-CA"},{"@type":"Organization","@id":"https:\/\/greekyouth.org\/#organization","name":"Organisation Jeunesse Grecque","url":"https:\/\/greekyouth.org\/","logo":{"@type":"ImageObject","inLanguage":"fr-CA","@id":"https:\/\/greekyouth.org\/#\/schema\/logo\/image\/","url":"https:\/\/greekyouth.org\/wp-content\/uploads\/2025\/06\/GREEK-YOUTH-Logo-OFFICIAL-PNG.png","contentUrl":"https:\/\/greekyouth.org\/wp-content\/uploads\/2025\/06\/GREEK-YOUTH-Logo-OFFICIAL-PNG.png","width":704,"height":1016,"caption":"Greek Youth Organization"},"image":{"@id":"https:\/\/greekyouth.org\/#\/schema\/logo\/image\/"},"sameAs":["https:\/\/www.facebook.com\/GreekYouthCanada","https:\/\/www.instagram.com\/GreekYouthCanada"]}]}},"_links":{"self":[{"href":"https:\/\/greekyouth.org\/fr\/wp-json\/wp\/v2\/pages\/419","targetHints":{"allow":["GET"]}}],"collection":[{"href":"https:\/\/greekyouth.org\/fr\/wp-json\/wp\/v2\/pages"}],"about":[{"href":"https:\/\/greekyouth.org\/fr\/wp-json\/wp\/v2\/types\/page"}],"author":[{"embeddable":true,"href":"https:\/\/greekyouth.org\/fr\/wp-json\/wp\/v2\/users\/1"}],"replies":[{"embeddable":true,"href":"https:\/\/greekyouth.org\/fr\/wp-json\/wp\/v2\/comments?post=419"}],"version-history":[{"count":34,"href":"https:\/\/greekyouth.org\/fr\/wp-json\/wp\/v2\/pages\/419\/revisions"}],"predecessor-version":[{"id":1769,"href":"https:\/\/greekyouth.org\/fr\/wp-json\/wp\/v2\/pages\/419\/revisions\/1769"}],"wp:attachment":[{"href":"https:\/\/greekyouth.org\/fr\/wp-json\/wp\/v2\/media?parent=419"}],"curies":[{"name":"wp","href":"https:\/\/api.w.org\/{rel}","templated":true}]}}