{"id":301,"date":"2025-09-15T05:29:59","date_gmt":"2025-09-15T05:29:59","guid":{"rendered":"https:\/\/greekyouth.org\/?page_id=301"},"modified":"2026-02-12T16:36:07","modified_gmt":"2026-02-12T21:36:07","slug":"member-profiles-and-networking-groups","status":"publish","type":"page","link":"https:\/\/greekyouth.org\/fr\/member-profiles-and-networking-groups\/","title":{"rendered":"Profils des membres et groupes de r\u00e9seautage"},"content":{"rendered":"<div data-elementor-type=\"wp-page\" data-elementor-id=\"301\" class=\"elementor elementor-301\">\n\t\t\t\t<div class=\"elementor-element elementor-element-5de9aef e-flex e-con-boxed e-con e-parent\" data-id=\"5de9aef\" data-element_type=\"container\" data-e-type=\"container\">\n\t\t\t\t\t<div class=\"e-con-inner\">\n\t\t\t\t<div class=\"elementor-element elementor-element-b62cf77 elementor-widget elementor-widget-heading\" data-id=\"b62cf77\" data-element_type=\"widget\" data-e-type=\"widget\" data-widget_type=\"heading.default\">\n\t\t\t\t\t<h1 class=\"elementor-heading-title elementor-size-default\">Profils des membres et groupes de r\u00e9seautage<\/h1>\t\t\t\t<\/div>\n\t\t\t\t\t<\/div>\n\t\t\t\t<\/div>\n\t\t<div class=\"elementor-element elementor-element-ab22499 e-flex e-con-boxed e-con e-parent\" data-id=\"ab22499\" data-element_type=\"container\" data-e-type=\"container\">\n\t\t\t\t\t<div class=\"e-con-inner\">\n\t\t\t\t<div class=\"elementor-element elementor-element-76b92ed elementor-widget elementor-widget-text-editor\" data-id=\"76b92ed\" data-element_type=\"widget\" data-e-type=\"widget\" data-widget_type=\"text-editor.default\">\n\t\t\t\t\t\t\t\t\t<div class=\"page\" title=\"Page 13\"><div class=\"layoutArea\"><div class=\"column\"><h4>\u00a0<\/h4><h4><strong>Se connecter. S'engager. Grandir.<\/strong><\/h4><p>Bienvenue sur notre page Profils des membres &amp; R\u00e9seautage! Rejoignez une communaut\u00e9 dynamique de jeunes Grecs, explorez des int\u00e9r\u00eats communs et \u00e9largissez votre r\u00e9seau social et professionnel.<\/p><div class=\"page\" title=\"Page 14\"><div class=\"layoutArea\"><div class=\"column\"><h4><strong>Opportunit\u00e9s de r\u00e9seautage<\/strong><\/h4><ol><li><strong>Messagerie priv\u00e9e<\/strong> \u2013 Contactez directement les autres membres pour entamer une conversation ou poser des questions.<\/li><li><strong>Groupes d'int\u00e9r\u00eat<\/strong> \u2013 Rejoignez ou cr\u00e9ez des groupes bas\u00e9s sur des loisirs, des carri\u00e8res ou des int\u00e9r\u00eats culturels communs.<\/li><li><strong>\u00c9v\u00e9nements<\/strong> \u2013 Participez \u00e0 des \u00e9v\u00e9nements de r\u00e9seautage, des ateliers et des rencontres sociales approuv\u00e9s par Greek Youth.<\/li><\/ol><\/div><\/div><\/div><div class=\"page\" title=\"Page 13\"><div class=\"layoutArea\"><div class=\"column\"><h4><strong>Comment commencer<\/strong><\/h4><ul><li><strong>S'inscrire<\/strong> \u2013 Remplissez le formulaire<\/li><li><strong>Acceptez l'invitation pour \u00eatre ajout\u00e9 au groupe Instagram.<\/strong> \u2013 Entrez en contact avec des personnes de votre tranche d'\u00e2ge.<\/li><li><strong>Engager &amp; R\u00e9seauter<\/strong> \u2013 Partagez vos centres d'int\u00e9r\u00eat et participez \u00e0 des \u00e9v\u00e9nements<\/li><\/ul><\/div><\/div><\/div><\/div><\/div><\/div>\t\t\t\t\t\t\t\t<\/div>\n\t\t\t\t\t<\/div>\n\t\t\t\t<\/div>\n\t\t<div class=\"elementor-element elementor-element-8d4314d e-flex e-con-boxed e-con e-parent\" data-id=\"8d4314d\" data-element_type=\"container\" data-e-type=\"container\">\n\t\t\t\t\t<div class=\"e-con-inner\">\n\t\t\t\t<div class=\"elementor-element elementor-element-2918369 elementor-hidden-desktop elementor-hidden-tablet elementor-hidden-mobile elementor-widget elementor-widget-button\" data-id=\"2918369\" data-element_type=\"widget\" data-e-type=\"widget\" data-widget_type=\"button.default\">\n\t\t\t\t\t\t\t\t\t\t<a class=\"elementor-button elementor-button-link elementor-size-sm\" href=\"https:\/\/forms.gle\/AcswFLS85j1AEDH27\">\n\t\t\t\t\t\t<span class=\"elementor-button-content-wrapper\">\n\t\t\t\t\t\t\t\t\t<span class=\"elementor-button-text\">Inscrivez-vous maintenant<\/span>\n\t\t\t\t\t<\/span>\n\t\t\t\t\t<\/a>\n\t\t\t\t\t\t\t\t<\/div>\n\t\t\t\t<div class=\"elementor-element elementor-element-48f55fb elementor-button-info elementor-widget elementor-widget-button\" data-id=\"48f55fb\" data-element_type=\"widget\" data-e-type=\"widget\" data-widget_type=\"button.default\">\n\t\t\t\t\t\t\t\t\t\t<a class=\"elementor-button elementor-button-link elementor-size-sm\" href=\"#\">\n\t\t\t\t\t\t<span class=\"elementor-button-content-wrapper\">\n\t\t\t\t\t\t\t\t\t<span class=\"elementor-button-text\">\u00c0 venir...<\/span>\n\t\t\t\t\t<\/span>\n\t\t\t\t\t<\/a>\n\t\t\t\t\t\t\t\t<\/div>\n\t\t\t\t\t<\/div>\n\t\t\t\t<\/div>\n\t\t<div class=\"elementor-element elementor-element-82fd847 e-flex e-con-boxed e-con e-parent\" data-id=\"82fd847\" data-element_type=\"container\" data-e-type=\"container\">\n\t\t\t\t\t<div class=\"e-con-inner\">\n\t\t\t\t<div class=\"elementor-element elementor-element-fd51e93 elementor-widget-divider--view-line elementor-widget elementor-widget-divider\" data-id=\"fd51e93\" data-element_type=\"widget\" data-e-type=\"widget\" data-widget_type=\"divider.default\">\n\t\t\t\t\t\t\t<div class=\"elementor-divider\">\n\t\t\t<span class=\"elementor-divider-separator\">\n\t\t\t\t\t\t<\/span>\n\t\t<\/div>\n\t\t\t\t\t\t<\/div>\n\t\t\t\t\t<\/div>\n\t\t\t\t<\/div>\n\t\t<div class=\"elementor-element elementor-element-89645a8 e-grid e-con-boxed e-con e-parent\" data-id=\"89645a8\" data-element_type=\"container\" data-e-type=\"container\">\n\t\t\t\t\t<div class=\"e-con-inner\">\n\t\t\t\t<div class=\"elementor-element elementor-element-5dcc719 elementor-widget elementor-widget-image\" data-id=\"5dcc719\" data-element_type=\"widget\" data-e-type=\"widget\" data-widget_type=\"image.default\">\n\t\t\t\t\t\t\t\t\t\t\t\t<figure class=\"wp-caption\">\n\t\t\t\t\t\t\t\t\t\t<img fetchpriority=\"high\" decoding=\"async\" width=\"900\" height=\"600\" src=\"https:\/\/greekyouth.org\/wp-content\/uploads\/2025\/09\/photo-1571260899304-425eee4c7efc.webp\" class=\"attachment-large size-large wp-image-308\" alt=\"\" srcset=\"https:\/\/greekyouth.org\/wp-content\/uploads\/2025\/09\/photo-1571260899304-425eee4c7efc.webp 900w, https:\/\/greekyouth.org\/wp-content\/uploads\/2025\/09\/photo-1571260899304-425eee4c7efc-300x200.webp 300w, https:\/\/greekyouth.org\/wp-content\/uploads\/2025\/09\/photo-1571260899304-425eee4c7efc-768x512.webp 768w, https:\/\/greekyouth.org\/wp-content\/uploads\/2025\/09\/photo-1571260899304-425eee4c7efc-600x400.webp 600w\" sizes=\"(max-width: 900px) 100vw, 900px\" \/>\t\t\t\t\t\t\t\t\t\t\t<figcaption class=\"widget-image-caption wp-caption-text\"> <\/figcaption>\n\t\t\t\t\t\t\t\t\t\t<\/figure>\n\t\t\t\t\t\t\t\t\t<\/div>\n\t\t\t\t<div class=\"elementor-element elementor-element-a0fcff6 elementor-widget elementor-widget-image\" data-id=\"a0fcff6\" data-element_type=\"widget\" data-e-type=\"widget\" data-widget_type=\"image.default\">\n\t\t\t\t\t\t\t\t\t\t\t\t<figure class=\"wp-caption\">\n\t\t\t\t\t\t\t\t\t\t<img decoding=\"async\" width=\"792\" height=\"1024\" src=\"https:\/\/greekyouth.org\/wp-content\/uploads\/2025\/09\/photo-1517486808906-6ca8b3f04846-792x1024.webp\" class=\"attachment-large size-large wp-image-309\" alt=\"\" srcset=\"https:\/\/greekyouth.org\/wp-content\/uploads\/2025\/09\/photo-1517486808906-6ca8b3f04846-792x1024.webp 792w, https:\/\/greekyouth.org\/wp-content\/uploads\/2025\/09\/photo-1517486808906-6ca8b3f04846-232x300.webp 232w, https:\/\/greekyouth.org\/wp-content\/uploads\/2025\/09\/photo-1517486808906-6ca8b3f04846-768x993.webp 768w, https:\/\/greekyouth.org\/wp-content\/uploads\/2025\/09\/photo-1517486808906-6ca8b3f04846-600x776.webp 600w, https:\/\/greekyouth.org\/wp-content\/uploads\/2025\/09\/photo-1517486808906-6ca8b3f04846.webp 900w\" sizes=\"(max-width: 792px) 100vw, 792px\" \/>\t\t\t\t\t\t\t\t\t\t\t<figcaption class=\"widget-image-caption wp-caption-text\"> <\/figcaption>\n\t\t\t\t\t\t\t\t\t\t<\/figure>\n\t\t\t\t\t\t\t\t\t<\/div>\n\t\t\t\t<div class=\"elementor-element elementor-element-3387a99 elementor-widget elementor-widget-image\" data-id=\"3387a99\" data-element_type=\"widget\" data-e-type=\"widget\" data-widget_type=\"image.default\">\n\t\t\t\t\t\t\t\t\t\t\t\t<figure class=\"wp-caption\">\n\t\t\t\t\t\t\t\t\t\t<img decoding=\"async\" width=\"900\" height=\"600\" src=\"https:\/\/greekyouth.org\/wp-content\/uploads\/2025\/09\/premium_photo-1682974407026-581fe0e550ea.webp\" class=\"attachment-large size-large wp-image-310\" alt=\"\" srcset=\"https:\/\/greekyouth.org\/wp-content\/uploads\/2025\/09\/premium_photo-1682974407026-581fe0e550ea.webp 900w, https:\/\/greekyouth.org\/wp-content\/uploads\/2025\/09\/premium_photo-1682974407026-581fe0e550ea-300x200.webp 300w, https:\/\/greekyouth.org\/wp-content\/uploads\/2025\/09\/premium_photo-1682974407026-581fe0e550ea-768x512.webp 768w, https:\/\/greekyouth.org\/wp-content\/uploads\/2025\/09\/premium_photo-1682974407026-581fe0e550ea-600x400.webp 600w\" sizes=\"(max-width: 900px) 100vw, 900px\" \/>\t\t\t\t\t\t\t\t\t\t\t<figcaption class=\"widget-image-caption wp-caption-text\"> <\/figcaption>\n\t\t\t\t\t\t\t\t\t\t<\/figure>\n\t\t\t\t\t\t\t\t\t<\/div>\n\t\t\t\t<div class=\"elementor-element elementor-element-67015e0 elementor-widget elementor-widget-image\" data-id=\"67015e0\" data-element_type=\"widget\" data-e-type=\"widget\" data-widget_type=\"image.default\">\n\t\t\t\t\t\t\t\t\t\t\t\t<figure class=\"wp-caption\">\n\t\t\t\t\t\t\t\t\t\t<img loading=\"lazy\" decoding=\"async\" width=\"1024\" height=\"683\" src=\"https:\/\/greekyouth.org\/wp-content\/uploads\/2025\/09\/photo-1504022462188-88f023db97bf-1024x683.webp\" class=\"attachment-large size-large wp-image-311\" alt=\"\" srcset=\"https:\/\/greekyouth.org\/wp-content\/uploads\/2025\/09\/photo-1504022462188-88f023db97bf-1024x683.webp 1024w, https:\/\/greekyouth.org\/wp-content\/uploads\/2025\/09\/photo-1504022462188-88f023db97bf-300x200.webp 300w, https:\/\/greekyouth.org\/wp-content\/uploads\/2025\/09\/photo-1504022462188-88f023db97bf-768x512.webp 768w, https:\/\/greekyouth.org\/wp-content\/uploads\/2025\/09\/photo-1504022462188-88f023db97bf-1536x1024.webp 1536w, https:\/\/greekyouth.org\/wp-content\/uploads\/2025\/09\/photo-1504022462188-88f023db97bf-2048x1365.webp 2048w, https:\/\/greekyouth.org\/wp-content\/uploads\/2025\/09\/photo-1504022462188-88f023db97bf-600x400.webp 600w\" sizes=\"(max-width: 1024px) 100vw, 1024px\" \/>\t\t\t\t\t\t\t\t\t\t\t<figcaption class=\"widget-image-caption wp-caption-text\"><\/figcaption>\n\t\t\t\t\t\t\t\t\t\t<\/figure>\n\t\t\t\t\t\t\t\t\t<\/div>\n\t\t\t\t\t<\/div>\n\t\t\t\t<\/div>\n\t\t<div class=\"elementor-element elementor-element-690d709 e-flex e-con-boxed e-con e-parent\" data-id=\"690d709\" data-element_type=\"container\" data-e-type=\"container\">\n\t\t\t\t\t<div class=\"e-con-inner\">\n\t\t\t\t\t<\/div>\n\t\t\t\t<\/div>\n\t\t\t\t<\/div>","protected":false},"excerpt":{"rendered":"<p>Member Profiles and Networking Groups \u00a0 Connect. Engage. Grow. Welcome to our Member Profiles &amp; Networking page! Join a vibrant [&hellip;]<\/p>\n","protected":false},"author":1,"featured_media":0,"parent":0,"menu_order":0,"comment_status":"closed","ping_status":"closed","template":"","meta":{"_coblocks_attr":"","_coblocks_dimensions":"","_coblocks_responsive_height":"","_coblocks_accordion_ie_support":"","site-sidebar-layout":"no-sidebar","site-content-layout":"","ast-site-content-layout":"full-width-container","site-content-style":"default","site-sidebar-style":"default","ast-global-header-display":"","ast-banner-title-visibility":"","ast-main-header-display":"","ast-hfb-above-header-display":"","ast-hfb-below-header-display":"","ast-hfb-mobile-header-display":"","site-post-title":"disabled","ast-breadcrumbs-content":"","ast-featured-img":"disabled","footer-sml-layout":"","ast-disable-related-posts":"","theme-transparent-header-meta":"","adv-header-id-meta":"","stick-header-meta":"","header-above-stick-meta":"","header-main-stick-meta":"","header-below-stick-meta":"","astra-migrate-meta-layouts":"default","ast-page-background-enabled":"default","ast-page-background-meta":{"desktop":{"background-color":"var(--ast-global-color-5)","background-image":"","background-repeat":"repeat","background-position":"center center","background-size":"auto","background-attachment":"scroll","background-type":"","background-media":"","overlay-type":"","overlay-color":"","overlay-opacity":"","overlay-gradient":""},"tablet":{"background-color":"","background-image":"","background-repeat":"repeat","background-position":"center center","background-size":"auto","background-attachment":"scroll","background-type":"","background-media":"","overlay-type":"","overlay-color":"","overlay-opacity":"","overlay-gradient":""},"mobile":{"background-color":"","background-image":"","background-repeat":"repeat","background-position":"center center","background-size":"auto","background-attachment":"scroll","background-type":"","background-media":"","overlay-type":"","overlay-color":"","overlay-opacity":"","overlay-gradient":""}},"ast-content-background-meta":{"desktop":{"background-color":"var(--ast-global-color-4)","background-image":"","background-repeat":"repeat","background-position":"center center","background-size":"auto","background-attachment":"scroll","background-type":"","background-media":"","overlay-type":"","overlay-color":"","overlay-opacity":"","overlay-gradient":""},"tablet":{"background-color":"var(--ast-global-color-4)","background-image":"","background-repeat":"repeat","background-position":"center center","background-size":"auto","background-attachment":"scroll","background-type":"","background-media":"","overlay-type":"","overlay-color":"","overlay-opacity":"","overlay-gradient":""},"mobile":{"background-color":"var(--ast-global-color-4)","background-image":"","background-repeat":"repeat","background-position":"center center","background-size":"auto","background-attachment":"scroll","background-type":"","background-media":"","overlay-type":"","overlay-color":"","overlay-opacity":"","overlay-gradient":""}},"_mc_calendar":[],"footnotes":""},"class_list":["post-301","page","type-page","status-publish","hentry"],"yoast_head":"<!-- This site is optimized with the Yoast SEO plugin v27.5 - https:\/\/yoast.com\/product\/yoast-seo-wordpress\/ -->\n<title>Member Profiles &amp; Networking Groups \u2013 Greek Youth \/ Jeunesse Grecque (Members Only)<\/title>\n<meta name=\"description\" content=\"Private area for members to connect through youth and student associations. Events are shared publicly in the main calendar.\" \/>\n<meta name=\"robots\" content=\"noindex, nofollow\" \/>\n<meta property=\"og:locale\" content=\"fr_CA\" \/>\n<meta property=\"og:type\" content=\"article\" \/>\n<meta property=\"og:title\" content=\"Member Profiles &amp; Networking Groups \u2013 Greek Youth \/ Jeunesse Grecque (Members Only)\" \/>\n<meta property=\"og:description\" content=\"Private area for members to connect through youth and student associations. Events are shared publicly in the main calendar.\" \/>\n<meta property=\"og:url\" content=\"https:\/\/greekyouth.org\/fr\/member-profiles-and-networking-groups\/\" \/>\n<meta property=\"og:site_name\" content=\"Greek Youth Organization\" \/>\n<meta property=\"article:publisher\" content=\"https:\/\/www.facebook.com\/GreekYouthCanada\" \/>\n<meta property=\"article:modified_time\" content=\"2026-02-12T21:36:07+00:00\" \/>\n<meta property=\"og:image\" content=\"https:\/\/greekyouth.org\/wp-content\/uploads\/2025\/09\/photo-1571260899304-425eee4c7efc.webp\" \/>\n\t<meta property=\"og:image:width\" content=\"900\" \/>\n\t<meta property=\"og:image:height\" content=\"600\" \/>\n\t<meta property=\"og:image:type\" content=\"image\/webp\" \/>\n<meta name=\"twitter:card\" content=\"summary_large_image\" \/>\n<meta name=\"twitter:label1\" content=\"Estimation du temps de lecture\" \/>\n\t<meta name=\"twitter:data1\" content=\"2 minutes\" \/>\n<script type=\"application\/ld+json\" class=\"yoast-schema-graph\">{\"@context\":\"https:\\\/\\\/schema.org\",\"@graph\":[{\"@type\":\"WebPage\",\"@id\":\"https:\\\/\\\/greekyouth.org\\\/member-profiles-and-networking-groups\\\/\",\"url\":\"https:\\\/\\\/greekyouth.org\\\/member-profiles-and-networking-groups\\\/\",\"name\":\"Member Profiles & Networking Groups \u2013 Greek Youth \\\/ Jeunesse Grecque (Members Only)\",\"isPartOf\":{\"@id\":\"https:\\\/\\\/greekyouth.org\\\/#website\"},\"primaryImageOfPage\":{\"@id\":\"https:\\\/\\\/greekyouth.org\\\/member-profiles-and-networking-groups\\\/#primaryimage\"},\"image\":{\"@id\":\"https:\\\/\\\/greekyouth.org\\\/member-profiles-and-networking-groups\\\/#primaryimage\"},\"thumbnailUrl\":\"https:\\\/\\\/greekyouth.org\\\/wp-content\\\/uploads\\\/2025\\\/09\\\/photo-1571260899304-425eee4c7efc.webp\",\"datePublished\":\"2025-09-15T05:29:59+00:00\",\"dateModified\":\"2026-02-12T21:36:07+00:00\",\"description\":\"Private area for members to connect through youth and student associations. Events are shared publicly in the main calendar.\",\"breadcrumb\":{\"@id\":\"https:\\\/\\\/greekyouth.org\\\/member-profiles-and-networking-groups\\\/#breadcrumb\"},\"inLanguage\":\"fr-CA\",\"potentialAction\":[{\"@type\":\"ReadAction\",\"target\":[\"https:\\\/\\\/greekyouth.org\\\/member-profiles-and-networking-groups\\\/\"]}]},{\"@type\":\"ImageObject\",\"inLanguage\":\"fr-CA\",\"@id\":\"https:\\\/\\\/greekyouth.org\\\/member-profiles-and-networking-groups\\\/#primaryimage\",\"url\":\"https:\\\/\\\/greekyouth.org\\\/wp-content\\\/uploads\\\/2025\\\/09\\\/photo-1571260899304-425eee4c7efc.webp\",\"contentUrl\":\"https:\\\/\\\/greekyouth.org\\\/wp-content\\\/uploads\\\/2025\\\/09\\\/photo-1571260899304-425eee4c7efc.webp\"},{\"@type\":\"BreadcrumbList\",\"@id\":\"https:\\\/\\\/greekyouth.org\\\/member-profiles-and-networking-groups\\\/#breadcrumb\",\"itemListElement\":[{\"@type\":\"ListItem\",\"position\":1,\"name\":\"Home\",\"item\":\"https:\\\/\\\/greekyouth.org\\\/\"},{\"@type\":\"ListItem\",\"position\":2,\"name\":\"Member Profiles and Networking Groups\"}]},{\"@type\":\"WebSite\",\"@id\":\"https:\\\/\\\/greekyouth.org\\\/#website\",\"url\":\"https:\\\/\\\/greekyouth.org\\\/\",\"name\":\"Greek Youth \\\/ Jeunesse Grecque\",\"description\":\"Uniting Greek Youth Across Canada\",\"publisher\":{\"@id\":\"https:\\\/\\\/greekyouth.org\\\/#organization\"},\"potentialAction\":[{\"@type\":\"SearchAction\",\"target\":{\"@type\":\"EntryPoint\",\"urlTemplate\":\"https:\\\/\\\/greekyouth.org\\\/?s={search_term_string}\"},\"query-input\":{\"@type\":\"PropertyValueSpecification\",\"valueRequired\":true,\"valueName\":\"search_term_string\"}}],\"inLanguage\":\"fr-CA\"},{\"@type\":\"Organization\",\"@id\":\"https:\\\/\\\/greekyouth.org\\\/#organization\",\"name\":\"Greek Youth Organization\",\"url\":\"https:\\\/\\\/greekyouth.org\\\/\",\"logo\":{\"@type\":\"ImageObject\",\"inLanguage\":\"fr-CA\",\"@id\":\"https:\\\/\\\/greekyouth.org\\\/#\\\/schema\\\/logo\\\/image\\\/\",\"url\":\"https:\\\/\\\/greekyouth.org\\\/wp-content\\\/uploads\\\/2025\\\/06\\\/GREEK-YOUTH-Logo-OFFICIAL-PNG.png\",\"contentUrl\":\"https:\\\/\\\/greekyouth.org\\\/wp-content\\\/uploads\\\/2025\\\/06\\\/GREEK-YOUTH-Logo-OFFICIAL-PNG.png\",\"width\":704,\"height\":1016,\"caption\":\"Greek Youth Organization\"},\"image\":{\"@id\":\"https:\\\/\\\/greekyouth.org\\\/#\\\/schema\\\/logo\\\/image\\\/\"},\"sameAs\":[\"https:\\\/\\\/www.facebook.com\\\/GreekYouthCanada\",\"https:\\\/\\\/www.instagram.com\\\/GreekYouthCanada\"]}]}<\/script>\n<!-- \/ Yoast SEO plugin. -->","yoast_head_json":{"title":"Member Profiles & Networking Groups \u2013 Greek Youth \/ Jeunesse Grecque (Members Only)","description":"Private area for members to connect through youth and student associations. Events are shared publicly in the main calendar.","robots":{"index":"noindex","follow":"nofollow"},"og_locale":"fr_CA","og_type":"article","og_title":"Member Profiles & Networking Groups \u2013 Greek Youth \/ Jeunesse Grecque (Members Only)","og_description":"Private area for members to connect through youth and student associations. Events are shared publicly in the main calendar.","og_url":"https:\/\/greekyouth.org\/fr\/member-profiles-and-networking-groups\/","og_site_name":"Greek Youth Organization","article_publisher":"https:\/\/www.facebook.com\/GreekYouthCanada","article_modified_time":"2026-02-12T21:36:07+00:00","og_image":[{"width":900,"height":600,"url":"https:\/\/greekyouth.org\/wp-content\/uploads\/2025\/09\/photo-1571260899304-425eee4c7efc.webp","type":"image\/webp"}],"twitter_card":"summary_large_image","twitter_misc":{"Estimation du temps de lecture":"2 minutes"},"schema":{"@context":"https:\/\/schema.org","@graph":[{"@type":"WebPage","@id":"https:\/\/greekyouth.org\/member-profiles-and-networking-groups\/","url":"https:\/\/greekyouth.org\/member-profiles-and-networking-groups\/","name":"Member Profiles & Networking Groups \u2013 Greek Youth \/ Jeunesse Grecque (Members Only)","isPartOf":{"@id":"https:\/\/greekyouth.org\/#website"},"primaryImageOfPage":{"@id":"https:\/\/greekyouth.org\/member-profiles-and-networking-groups\/#primaryimage"},"image":{"@id":"https:\/\/greekyouth.org\/member-profiles-and-networking-groups\/#primaryimage"},"thumbnailUrl":"https:\/\/greekyouth.org\/wp-content\/uploads\/2025\/09\/photo-1571260899304-425eee4c7efc.webp","datePublished":"2025-09-15T05:29:59+00:00","dateModified":"2026-02-12T21:36:07+00:00","description":"Private area for members to connect through youth and student associations. Events are shared publicly in the main calendar.","breadcrumb":{"@id":"https:\/\/greekyouth.org\/member-profiles-and-networking-groups\/#breadcrumb"},"inLanguage":"fr-CA","potentialAction":[{"@type":"ReadAction","target":["https:\/\/greekyouth.org\/member-profiles-and-networking-groups\/"]}]},{"@type":"ImageObject","inLanguage":"fr-CA","@id":"https:\/\/greekyouth.org\/member-profiles-and-networking-groups\/#primaryimage","url":"https:\/\/greekyouth.org\/wp-content\/uploads\/2025\/09\/photo-1571260899304-425eee4c7efc.webp","contentUrl":"https:\/\/greekyouth.org\/wp-content\/uploads\/2025\/09\/photo-1571260899304-425eee4c7efc.webp"},{"@type":"BreadcrumbList","@id":"https:\/\/greekyouth.org\/member-profiles-and-networking-groups\/#breadcrumb","itemListElement":[{"@type":"ListItem","position":1,"name":"Home","item":"https:\/\/greekyouth.org\/"},{"@type":"ListItem","position":2,"name":"Member Profiles and Networking Groups"}]},{"@type":"WebSite","@id":"https:\/\/greekyouth.org\/#website","url":"https:\/\/greekyouth.org\/","name":"Greek Youth \/ Jeunesse Grecque","description":"Unir la Jeunesse Grecque \u00e0 travers le Canada","publisher":{"@id":"https:\/\/greekyouth.org\/#organization"},"potentialAction":[{"@type":"SearchAction","target":{"@type":"EntryPoint","urlTemplate":"https:\/\/greekyouth.org\/?s={search_term_string}"},"query-input":{"@type":"PropertyValueSpecification","valueRequired":true,"valueName":"search_term_string"}}],"inLanguage":"fr-CA"},{"@type":"Organization","@id":"https:\/\/greekyouth.org\/#organization","name":"Organisation Jeunesse Grecque","url":"https:\/\/greekyouth.org\/","logo":{"@type":"ImageObject","inLanguage":"fr-CA","@id":"https:\/\/greekyouth.org\/#\/schema\/logo\/image\/","url":"https:\/\/greekyouth.org\/wp-content\/uploads\/2025\/06\/GREEK-YOUTH-Logo-OFFICIAL-PNG.png","contentUrl":"https:\/\/greekyouth.org\/wp-content\/uploads\/2025\/06\/GREEK-YOUTH-Logo-OFFICIAL-PNG.png","width":704,"height":1016,"caption":"Greek Youth Organization"},"image":{"@id":"https:\/\/greekyouth.org\/#\/schema\/logo\/image\/"},"sameAs":["https:\/\/www.facebook.com\/GreekYouthCanada","https:\/\/www.instagram.com\/GreekYouthCanada"]}]}},"_links":{"self":[{"href":"https:\/\/greekyouth.org\/fr\/wp-json\/wp\/v2\/pages\/301","targetHints":{"allow":["GET"]}}],"collection":[{"href":"https:\/\/greekyouth.org\/fr\/wp-json\/wp\/v2\/pages"}],"about":[{"href":"https:\/\/greekyouth.org\/fr\/wp-json\/wp\/v2\/types\/page"}],"author":[{"embeddable":true,"href":"https:\/\/greekyouth.org\/fr\/wp-json\/wp\/v2\/users\/1"}],"replies":[{"embeddable":true,"href":"https:\/\/greekyouth.org\/fr\/wp-json\/wp\/v2\/comments?post=301"}],"version-history":[{"count":46,"href":"https:\/\/greekyouth.org\/fr\/wp-json\/wp\/v2\/pages\/301\/revisions"}],"predecessor-version":[{"id":2303,"href":"https:\/\/greekyouth.org\/fr\/wp-json\/wp\/v2\/pages\/301\/revisions\/2303"}],"wp:attachment":[{"href":"https:\/\/greekyouth.org\/fr\/wp-json\/wp\/v2\/media?parent=301"}],"curies":[{"name":"wp","href":"https:\/\/api.w.org\/{rel}","templated":true}]}}