{"id":298,"date":"2025-09-15T05:25:52","date_gmt":"2025-09-15T05:25:52","guid":{"rendered":"https:\/\/greekyouth.org\/?page_id=298"},"modified":"2025-11-05T12:20:27","modified_gmt":"2025-11-05T17:20:27","slug":"share-your-memories","status":"publish","type":"page","link":"https:\/\/greekyouth.org\/fr\/share-your-memories\/","title":{"rendered":"Partagez vos souvenirs"},"content":{"rendered":"<div data-elementor-type=\"wp-page\" data-elementor-id=\"298\" class=\"elementor elementor-298\">\n\t\t\t\t<div class=\"elementor-element elementor-element-1c6fae8 e-flex e-con-boxed e-con e-parent\" data-id=\"1c6fae8\" data-element_type=\"container\" data-e-type=\"container\">\n\t\t\t\t\t<div class=\"e-con-inner\">\n\t\t\t\t<div class=\"elementor-element elementor-element-cbe9e6c elementor-widget elementor-widget-heading\" data-id=\"cbe9e6c\" data-element_type=\"widget\" data-e-type=\"widget\" data-widget_type=\"heading.default\">\n\t\t\t\t\t<h1 class=\"elementor-heading-title elementor-size-default\">Partagez vos souvenirs avec les autres membres du groupe<\/h1>\t\t\t\t<\/div>\n\t\t\t\t\t<\/div>\n\t\t\t\t<\/div>\n\t\t<div class=\"elementor-element elementor-element-536472c e-flex e-con-boxed e-con e-parent\" data-id=\"536472c\" data-element_type=\"container\" data-e-type=\"container\">\n\t\t\t\t\t<div class=\"e-con-inner\">\n\t\t\t\t<div class=\"elementor-element elementor-element-044d0e3 elementor-widget elementor-widget-text-editor\" data-id=\"044d0e3\" data-element_type=\"widget\" data-e-type=\"widget\" data-widget_type=\"text-editor.default\">\n\t\t\t\t\t\t\t\t\t<h4>\u00a0<\/h4><h4 style=\"font-weight: 400; text-align: left;\"><span style=\"color: #333333;\"><strong>Taguez Greek Youth sur les r\u00e9seaux sociaux!<\/strong>\u00a0\u2013 Partagez vos\u00a0<strong>photos, vid\u00e9os et anecdotes sur l'\u00e9v\u00e9nement!<\/strong><\/span><\/h4>\t\t\t\t\t\t\t\t<\/div>\n\t\t\t\t\t<\/div>\n\t\t\t\t<\/div>\n\t\t<div class=\"elementor-element elementor-element-a4bedf2 e-flex e-con-boxed e-con e-parent\" data-id=\"a4bedf2\" data-element_type=\"container\" data-e-type=\"container\">\n\t\t\t\t\t<div class=\"e-con-inner\">\n\t\t\t\t<div class=\"elementor-element elementor-element-165d16e elementor-widget elementor-widget-shortcode\" data-id=\"165d16e\" data-element_type=\"widget\" data-e-type=\"widget\" data-widget_type=\"shortcode.default\">\n\t\t\t\t\t\t\t<div class=\"elementor-shortcode\">\n            <form class=\"wpuf-form-add wpuf-form-layout1 wpuf-style\" action=\"\" method=\"post\" data-trp-original-action=\"\">\n\n                <div class=\"wpuf-form-description\">Si vous avez des photos\/affiches d'\u00e9v\u00e9nements pass\u00e9s, nous serions ravis de les voir ! Partagez vos photos et vos exp\u00e9riences avec nous.<\/div>\n                <script type=\"text\/javascript\">\n                    if ( typeof wpuf_conditional_items === 'undefined' ) {\n                        wpuf_conditional_items = [];\n                    }\n\n                    if ( typeof wpuf_plupload_items === 'undefined' ) {\n                        wpuf_plupload_items = [];\n                    }\n\n                    if ( typeof wpuf_map_items === 'undefined' ) {\n                        wpuf_map_items = [];\n                    }\n                <\/script>\n\n                <ul class=\"wpuf-form form-label-above\">\n\n                            <li class=\"el-name\">\n            <div class=\"wpuf-label\">\n                <label>Name <span class=\"required\">*<\/span><\/label>\n            <\/div>\n\n            <div class=\"wpuf-fields\">\n                <input type=\"text\" required=\"required\" data-required=\"yes\" data-type=\"text\" name=\"guest_name\" value=\"\" size=\"40\">\n            <\/div>\n        <\/li>\n\n        <li class=\"el-email\">\n            <div class=\"wpuf-label\">\n                <label>Email <span class=\"required\">*<\/span><\/label>\n            <\/div>\n\n            <div class=\"wpuf-fields\">\n                <input type=\"email\" required=\"required\" data-required=\"yes\" data-type=\"email\" name=\"guest_email\" value=\"\" size=\"40\">\n            <\/div>\n        <\/li>\n                <li class=\"wpuf-el post_title field-size-large\" data-label=\"Small Description\">\n                    <div class=\"wpuf-label\">\n            <label for=\"post_title_736\">\n                Br\u00e8ve description <span class=\"required\">*<\/span>            <\/label>\n        <\/div>\n        \n            <div class=\"wpuf-fields\">\n                <input\n                    class=\"textfield wpuf_post_title_736\"\n                    id=\"post_title_736\"\n                    type=\"text\"\n                    data-duplicate=\"\"\n                    data-required=\"yes\"\n                    data-type=\"text\" name=\"post_title\"\n                    placeholder=\"\"\n                    value=\"\"\n                    size=\"40\"\n                \/>\n\n                <span class=\"wpuf-wordlimit-message wpuf-help\"><\/span>\n                            <\/div>\n                    <\/li>\n        \n            <li class=\"wpuf-el memories field-size-large\" data-label=\"Memories\">\n\n                    <div class=\"wpuf-label\">\n            <label for=\"memories_736\">\n                Souvenirs <span class=\"required\">*<\/span>            <\/label>\n        <\/div>\n        \n            <div class=\"wpuf-fields\">\n                <div id=\"wpuf-memories-736-upload-container\">\n                    <div class=\"wpuf-attachment-upload-filelist\" data-type=\"file\" data-required=\"yes\">\n                        <a id=\"wpuf-memories-736-pickfiles\" data-form_id=\"736\" class=\"button file-selector  wpuf_memories_736\" href=\"#\">S\u00e9lectionner les images<\/a>\n\n                        <ul class=\"wpuf-attachment-list thumbnails\">\n\n                                                    <\/ul>\n                    <\/div>\n                <\/div><!-- .container -->\n\n                \n            <\/div> <!-- .wpuf-fields -->\n\n            <script type=\"text\/javascript\">\n                (function($) {\n                    $(document).ready( function(){\n                        var uploader = new WPUF_Uploader('wpuf-memories-736-pickfiles', 'wpuf-memories-736-upload-container', 5, 'memories', 'jpg,jpeg,gif,png,bmp,webp', 1024);\n                        wpuf_plupload_items.push(uploader);\n                    });\n                })(jQuery);\n            <\/script>\n\n\n                <\/li>\n            \n        <li class=\"wpuf-submit\">\n            <div class=\"wpuf-label\">\n                &nbsp;\n            <\/div>\n\n            <input type=\"hidden\" id=\"_wpnonce\" name=\"_wpnonce\" value=\"2125d6abb0\" \/><input type=\"hidden\" name=\"_wp_http_referer\" value=\"\/fr\/wp-json\/wp\/v2\/pages\/298\" \/>            <input type=\"hidden\" name=\"form_id\" value=\"736\">\n            <input type=\"hidden\" name=\"page_id\" value=\"298\">\n            <input type=\"hidden\" id=\"del_attach\" name=\"delete_attachments[]\">\n            <input type=\"hidden\" name=\"action\" value=\"wpuf_submit_post\">\n\n            \n                            <input type=\"submit\" class=\"wpuf-submit-button wpuf_submit_736\" name=\"submit\" value=\"Soumettre\" \/>\n            \n                    <\/li>\n\n        \n                <\/ul>\n\n            <input type=\"hidden\" name=\"trp-form-language\" value=\"fr\"\/><\/form>\n\n            <\/div>\n\t\t\t\t\t\t<\/div>\n\t\t\t\t\t<\/div>\n\t\t\t\t<\/div>\n\t\t\t\t<\/div>","protected":false},"excerpt":{"rendered":"<p>Share Your Memories with other Group Members \u00a0 Tag Greek Youth on social media!\u00a0\u2013 Share your\u00a0event pics, videos, and stories!<\/p>","protected":false},"author":1,"featured_media":0,"parent":0,"menu_order":0,"comment_status":"closed","ping_status":"closed","template":"","meta":{"_coblocks_attr":"","_coblocks_dimensions":"","_coblocks_responsive_height":"","_coblocks_accordion_ie_support":"","site-sidebar-layout":"no-sidebar","site-content-layout":"","ast-site-content-layout":"full-width-container","site-content-style":"default","site-sidebar-style":"default","ast-global-header-display":"","ast-banner-title-visibility":"","ast-main-header-display":"","ast-hfb-above-header-display":"","ast-hfb-below-header-display":"","ast-hfb-mobile-header-display":"","site-post-title":"disabled","ast-breadcrumbs-content":"","ast-featured-img":"disabled","footer-sml-layout":"","ast-disable-related-posts":"","theme-transparent-header-meta":"","adv-header-id-meta":"","stick-header-meta":"","header-above-stick-meta":"","header-main-stick-meta":"","header-below-stick-meta":"","astra-migrate-meta-layouts":"default","ast-page-background-enabled":"default","ast-page-background-meta":{"desktop":{"background-color":"var(--ast-global-color-5)","background-image":"","background-repeat":"repeat","background-position":"center center","background-size":"auto","background-attachment":"scroll","background-type":"","background-media":"","overlay-type":"","overlay-color":"","overlay-opacity":"","overlay-gradient":""},"tablet":{"background-color":"","background-image":"","background-repeat":"repeat","background-position":"center center","background-size":"auto","background-attachment":"scroll","background-type":"","background-media":"","overlay-type":"","overlay-color":"","overlay-opacity":"","overlay-gradient":""},"mobile":{"background-color":"","background-image":"","background-repeat":"repeat","background-position":"center center","background-size":"auto","background-attachment":"scroll","background-type":"","background-media":"","overlay-type":"","overlay-color":"","overlay-opacity":"","overlay-gradient":""}},"ast-content-background-meta":{"desktop":{"background-color":"var(--ast-global-color-4)","background-image":"","background-repeat":"repeat","background-position":"center center","background-size":"auto","background-attachment":"scroll","background-type":"","background-media":"","overlay-type":"","overlay-color":"","overlay-opacity":"","overlay-gradient":""},"tablet":{"background-color":"var(--ast-global-color-4)","background-image":"","background-repeat":"repeat","background-position":"center center","background-size":"auto","background-attachment":"scroll","background-type":"","background-media":"","overlay-type":"","overlay-color":"","overlay-opacity":"","overlay-gradient":""},"mobile":{"background-color":"var(--ast-global-color-4)","background-image":"","background-repeat":"repeat","background-position":"center center","background-size":"auto","background-attachment":"scroll","background-type":"","background-media":"","overlay-type":"","overlay-color":"","overlay-opacity":"","overlay-gradient":""}},"_mc_calendar":[],"footnotes":""},"class_list":["post-298","page","type-page","status-publish","hentry"],"yoast_head":"<!-- This site is optimized with the Yoast SEO plugin v27.5 - https:\/\/yoast.com\/product\/yoast-seo-wordpress\/ -->\n<title>Share Your Memories \u2013 Greek Youth \/ Jeunesse Grecque<\/title>\n<meta name=\"description\" content=\"Share your photos and memories from Greek community events. Help celebrate our heritage and youth connections across Canada.\" \/>\n<meta name=\"robots\" content=\"index, follow, max-snippet:-1, max-image-preview:large, max-video-preview:-1\" \/>\n<link rel=\"canonical\" href=\"https:\/\/greekyouth.org\/fr\/share-your-memories\/\" \/>\n<meta property=\"og:locale\" content=\"fr_CA\" \/>\n<meta property=\"og:type\" content=\"article\" \/>\n<meta property=\"og:title\" content=\"Share Your Memories \u2013 Greek Youth \/ Jeunesse Grecque\" \/>\n<meta property=\"og:description\" content=\"Share your photos and memories from Greek community events. Help celebrate our heritage and youth connections across Canada.\" \/>\n<meta property=\"og:url\" content=\"https:\/\/greekyouth.org\/fr\/share-your-memories\/\" \/>\n<meta property=\"og:site_name\" content=\"Greek Youth Organization\" \/>\n<meta property=\"article:publisher\" content=\"https:\/\/www.facebook.com\/GreekYouthCanada\" \/>\n<meta property=\"article:modified_time\" content=\"2025-11-05T17:20:27+00:00\" \/>\n<meta name=\"twitter:card\" content=\"summary_large_image\" \/>\n<meta name=\"twitter:label1\" content=\"Estimation du temps de lecture\" \/>\n\t<meta name=\"twitter:data1\" content=\"1 minute\" \/>\n<script type=\"application\/ld+json\" class=\"yoast-schema-graph\">{\"@context\":\"https:\\\/\\\/schema.org\",\"@graph\":[{\"@type\":\"WebPage\",\"@id\":\"https:\\\/\\\/greekyouth.org\\\/share-your-memories\\\/\",\"url\":\"https:\\\/\\\/greekyouth.org\\\/share-your-memories\\\/\",\"name\":\"Share Your Memories \u2013 Greek Youth \\\/ Jeunesse Grecque\",\"isPartOf\":{\"@id\":\"https:\\\/\\\/greekyouth.org\\\/#website\"},\"datePublished\":\"2025-09-15T05:25:52+00:00\",\"dateModified\":\"2025-11-05T17:20:27+00:00\",\"description\":\"Share your photos and memories from Greek community events. Help celebrate our heritage and youth connections across Canada.\",\"breadcrumb\":{\"@id\":\"https:\\\/\\\/greekyouth.org\\\/share-your-memories\\\/#breadcrumb\"},\"inLanguage\":\"fr-CA\",\"potentialAction\":[{\"@type\":\"ReadAction\",\"target\":[\"https:\\\/\\\/greekyouth.org\\\/share-your-memories\\\/\"]}]},{\"@type\":\"BreadcrumbList\",\"@id\":\"https:\\\/\\\/greekyouth.org\\\/share-your-memories\\\/#breadcrumb\",\"itemListElement\":[{\"@type\":\"ListItem\",\"position\":1,\"name\":\"Home\",\"item\":\"https:\\\/\\\/greekyouth.org\\\/\"},{\"@type\":\"ListItem\",\"position\":2,\"name\":\"Share Your Memories\"}]},{\"@type\":\"WebSite\",\"@id\":\"https:\\\/\\\/greekyouth.org\\\/#website\",\"url\":\"https:\\\/\\\/greekyouth.org\\\/\",\"name\":\"Greek Youth \\\/ Jeunesse Grecque\",\"description\":\"Uniting Greek Youth Across Canada\",\"publisher\":{\"@id\":\"https:\\\/\\\/greekyouth.org\\\/#organization\"},\"potentialAction\":[{\"@type\":\"SearchAction\",\"target\":{\"@type\":\"EntryPoint\",\"urlTemplate\":\"https:\\\/\\\/greekyouth.org\\\/?s={search_term_string}\"},\"query-input\":{\"@type\":\"PropertyValueSpecification\",\"valueRequired\":true,\"valueName\":\"search_term_string\"}}],\"inLanguage\":\"fr-CA\"},{\"@type\":\"Organization\",\"@id\":\"https:\\\/\\\/greekyouth.org\\\/#organization\",\"name\":\"Greek Youth Organization\",\"url\":\"https:\\\/\\\/greekyouth.org\\\/\",\"logo\":{\"@type\":\"ImageObject\",\"inLanguage\":\"fr-CA\",\"@id\":\"https:\\\/\\\/greekyouth.org\\\/#\\\/schema\\\/logo\\\/image\\\/\",\"url\":\"https:\\\/\\\/greekyouth.org\\\/wp-content\\\/uploads\\\/2025\\\/06\\\/GREEK-YOUTH-Logo-OFFICIAL-PNG.png\",\"contentUrl\":\"https:\\\/\\\/greekyouth.org\\\/wp-content\\\/uploads\\\/2025\\\/06\\\/GREEK-YOUTH-Logo-OFFICIAL-PNG.png\",\"width\":704,\"height\":1016,\"caption\":\"Greek Youth Organization\"},\"image\":{\"@id\":\"https:\\\/\\\/greekyouth.org\\\/#\\\/schema\\\/logo\\\/image\\\/\"},\"sameAs\":[\"https:\\\/\\\/www.facebook.com\\\/GreekYouthCanada\",\"https:\\\/\\\/www.instagram.com\\\/GreekYouthCanada\"]}]}<\/script>\n<!-- \/ Yoast SEO plugin. -->","yoast_head_json":{"title":"Share Your Memories \u2013 Greek Youth \/ Jeunesse Grecque","description":"Share your photos and memories from Greek community events. Help celebrate our heritage and youth connections across Canada.","robots":{"index":"index","follow":"follow","max-snippet":"max-snippet:-1","max-image-preview":"max-image-preview:large","max-video-preview":"max-video-preview:-1"},"canonical":"https:\/\/greekyouth.org\/fr\/share-your-memories\/","og_locale":"fr_CA","og_type":"article","og_title":"Share Your Memories \u2013 Greek Youth \/ Jeunesse Grecque","og_description":"Share your photos and memories from Greek community events. Help celebrate our heritage and youth connections across Canada.","og_url":"https:\/\/greekyouth.org\/fr\/share-your-memories\/","og_site_name":"Greek Youth Organization","article_publisher":"https:\/\/www.facebook.com\/GreekYouthCanada","article_modified_time":"2025-11-05T17:20:27+00:00","twitter_card":"summary_large_image","twitter_misc":{"Estimation du temps de lecture":"1 minute"},"schema":{"@context":"https:\/\/schema.org","@graph":[{"@type":"WebPage","@id":"https:\/\/greekyouth.org\/share-your-memories\/","url":"https:\/\/greekyouth.org\/share-your-memories\/","name":"Share Your Memories \u2013 Greek Youth \/ Jeunesse Grecque","isPartOf":{"@id":"https:\/\/greekyouth.org\/#website"},"datePublished":"2025-09-15T05:25:52+00:00","dateModified":"2025-11-05T17:20:27+00:00","description":"Share your photos and memories from Greek community events. Help celebrate our heritage and youth connections across Canada.","breadcrumb":{"@id":"https:\/\/greekyouth.org\/share-your-memories\/#breadcrumb"},"inLanguage":"fr-CA","potentialAction":[{"@type":"ReadAction","target":["https:\/\/greekyouth.org\/share-your-memories\/"]}]},{"@type":"BreadcrumbList","@id":"https:\/\/greekyouth.org\/share-your-memories\/#breadcrumb","itemListElement":[{"@type":"ListItem","position":1,"name":"Home","item":"https:\/\/greekyouth.org\/"},{"@type":"ListItem","position":2,"name":"Share Your Memories"}]},{"@type":"WebSite","@id":"https:\/\/greekyouth.org\/#website","url":"https:\/\/greekyouth.org\/","name":"Greek Youth \/ Jeunesse Grecque","description":"Unir la Jeunesse Grecque \u00e0 travers le Canada","publisher":{"@id":"https:\/\/greekyouth.org\/#organization"},"potentialAction":[{"@type":"SearchAction","target":{"@type":"EntryPoint","urlTemplate":"https:\/\/greekyouth.org\/?s={search_term_string}"},"query-input":{"@type":"PropertyValueSpecification","valueRequired":true,"valueName":"search_term_string"}}],"inLanguage":"fr-CA"},{"@type":"Organization","@id":"https:\/\/greekyouth.org\/#organization","name":"Organisation Jeunesse Grecque","url":"https:\/\/greekyouth.org\/","logo":{"@type":"ImageObject","inLanguage":"fr-CA","@id":"https:\/\/greekyouth.org\/#\/schema\/logo\/image\/","url":"https:\/\/greekyouth.org\/wp-content\/uploads\/2025\/06\/GREEK-YOUTH-Logo-OFFICIAL-PNG.png","contentUrl":"https:\/\/greekyouth.org\/wp-content\/uploads\/2025\/06\/GREEK-YOUTH-Logo-OFFICIAL-PNG.png","width":704,"height":1016,"caption":"Greek Youth Organization"},"image":{"@id":"https:\/\/greekyouth.org\/#\/schema\/logo\/image\/"},"sameAs":["https:\/\/www.facebook.com\/GreekYouthCanada","https:\/\/www.instagram.com\/GreekYouthCanada"]}]}},"_links":{"self":[{"href":"https:\/\/greekyouth.org\/fr\/wp-json\/wp\/v2\/pages\/298","targetHints":{"allow":["GET"]}}],"collection":[{"href":"https:\/\/greekyouth.org\/fr\/wp-json\/wp\/v2\/pages"}],"about":[{"href":"https:\/\/greekyouth.org\/fr\/wp-json\/wp\/v2\/types\/page"}],"author":[{"embeddable":true,"href":"https:\/\/greekyouth.org\/fr\/wp-json\/wp\/v2\/users\/1"}],"replies":[{"embeddable":true,"href":"https:\/\/greekyouth.org\/fr\/wp-json\/wp\/v2\/comments?post=298"}],"version-history":[{"count":37,"href":"https:\/\/greekyouth.org\/fr\/wp-json\/wp\/v2\/pages\/298\/revisions"}],"predecessor-version":[{"id":1353,"href":"https:\/\/greekyouth.org\/fr\/wp-json\/wp\/v2\/pages\/298\/revisions\/1353"}],"wp:attachment":[{"href":"https:\/\/greekyouth.org\/fr\/wp-json\/wp\/v2\/media?parent=298"}],"curies":[{"name":"wp","href":"https:\/\/api.w.org\/{rel}","templated":true}]}}