{"id":293,"date":"2025-09-15T05:21:22","date_gmt":"2025-09-15T05:21:22","guid":{"rendered":"https:\/\/greekyouth.org\/?page_id=293"},"modified":"2025-11-05T12:06:25","modified_gmt":"2025-11-05T17:06:25","slug":"events-gallery","status":"publish","type":"page","link":"https:\/\/greekyouth.org\/fr\/events-gallery\/","title":{"rendered":"Galerie des \u00e9v\u00e9nements"},"content":{"rendered":"<div data-elementor-type=\"wp-page\" data-elementor-id=\"293\" class=\"elementor elementor-293\">\n\t\t\t\t<div class=\"elementor-element elementor-element-4c67d74 e-flex e-con-boxed e-con e-parent\" data-id=\"4c67d74\" data-element_type=\"container\" data-e-type=\"container\">\n\t\t\t\t\t<div class=\"e-con-inner\">\n\t\t\t\t<div class=\"elementor-element elementor-element-e134737 elementor-widget elementor-widget-heading\" data-id=\"e134737\" data-element_type=\"widget\" data-e-type=\"widget\" data-widget_type=\"heading.default\">\n\t\t\t\t\t<h1 class=\"elementor-heading-title elementor-size-default\">Galerie des \u00e9v\u00e9nements<\/h1>\t\t\t\t<\/div>\n\t\t\t\t\t<\/div>\n\t\t\t\t<\/div>\n\t\t<div class=\"elementor-element elementor-element-0ab917f e-flex e-con-boxed e-con e-parent\" data-id=\"0ab917f\" data-element_type=\"container\" data-e-type=\"container\">\n\t\t\t\t\t<div class=\"e-con-inner\">\n\t\t\t\t<div class=\"elementor-element elementor-element-80c4ccc elementor-widget elementor-widget-shortcode\" data-id=\"80c4ccc\" data-element_type=\"widget\" data-e-type=\"widget\" data-widget_type=\"shortcode.default\">\n\t\t\t\t\t\t\t<div class=\"elementor-shortcode\"><div id=\"metaslider-id-529\" style=\"width: 100%; margin: 0 auto;\" class=\"ml-slider-3-108-0 metaslider metaslider-flex metaslider-529 ml-slider has-onhover-arrows has-carousel-mode ms-theme-default-base nav-hidden\" role=\"region\" aria-label=\"New Slideshow\" data-height=\"392\" data-width=\"700\">\n    <div id=\"metaslider_container_529\">\n        <div id=\"metaslider_529\">\n            <ul aria-live='off' class='slides'>\n                <li style=\"display: none; width: 100%;\" class=\"slide-531 ms-image\" aria-roledescription=\"slide\" data-date=\"2025-09-23 03:11:05\" data-filename=\"cosmin-andrei-buzamat-AtK9sQ8QiEM-unsplash.jpg\" data-slide-type=\"image\"><img fetchpriority=\"high\" decoding=\"async\" src=\"https:\/\/greekyouth.org\/wp-content\/uploads\/2025\/09\/cosmin-andrei-buzamat-AtK9sQ8QiEM-unsplash.jpg\" height=\"392\" width=\"700\" alt=\"\" class=\"slider-529 slide-531 msDefaultImage\" title=\"cosmin-andrei-buzamat-AtK9sQ8QiEM-unsplash\" \/><\/li>\n                <li style=\"display: none; width: 100%;\" class=\"slide-533 ms-image\" aria-roledescription=\"slide\" data-date=\"2025-09-23 03:11:05\" data-filename=\"juan-leon-lktq9DsKXxg-unsplash.jpg\" data-slide-type=\"image\"><img decoding=\"async\" src=\"https:\/\/greekyouth.org\/wp-content\/uploads\/2025\/09\/juan-leon-lktq9DsKXxg-unsplash.jpg\" height=\"392\" width=\"700\" alt=\"\" class=\"slider-529 slide-533 msDefaultImage\" title=\"juan-leon-lktq9DsKXxg-unsplash\" \/><\/li>\n                <li style=\"display: none; width: 100%;\" class=\"slide-1058 ms-image\" aria-roledescription=\"slide\" data-date=\"2025-10-11 09:16:26\" data-filename=\"jhan-castillon-KfvHGkXdiZM-unsplash-scaled-e1758605263957-700x392.jpg\" data-slide-type=\"image\"><img decoding=\"async\" src=\"https:\/\/greekyouth.org\/wp-content\/uploads\/2025\/09\/jhan-castillon-KfvHGkXdiZM-unsplash-scaled-e1758605263957-700x392.jpg\" height=\"392\" width=\"700\" alt=\"\" class=\"slider-529 slide-1058 msDefaultImage\" title=\"jhan-castillon-KfvHGkXdiZM-unsplash\" \/><\/li>\n            <\/ul>\n        <\/div>\n        \n    <\/div>\n<\/div><\/div>\n\t\t\t\t\t\t<\/div>\n\t\t\t\t\t<\/div>\n\t\t\t\t<\/div>\n\t\t<div class=\"elementor-element elementor-element-ddd9d86 e-flex e-con-boxed e-con e-parent\" data-id=\"ddd9d86\" data-element_type=\"container\" data-e-type=\"container\">\n\t\t\t\t\t<div class=\"e-con-inner\">\n\t\t\t\t<div class=\"elementor-element elementor-element-eec0dbd elementor-widget elementor-widget-text-editor\" data-id=\"eec0dbd\" data-element_type=\"widget\" data-e-type=\"widget\" data-widget_type=\"text-editor.default\">\n\t\t\t\t\t\t\t\t\t<p><span style=\"color: #333333;\">D\u00e9couvrez des moments vibrants et des exp\u00e9riences m\u00e9morables v\u00e9cus par la communaut\u00e9 grecque. D\u00e9couvrez des affiches et des photos d'\u00e9v\u00e9nements qui rassemblent les jeunes Grecs autour de la f\u00eate, de l'apprentissage et des liens sociaux.<\/span><\/p>\t\t\t\t\t\t\t\t<\/div>\n\t\t\t\t\t<\/div>\n\t\t\t\t<\/div>\n\t\t<div class=\"elementor-element elementor-element-f0cf045 e-flex e-con-boxed e-con e-parent\" data-id=\"f0cf045\" data-element_type=\"container\" data-e-type=\"container\">\n\t\t\t\t\t<div class=\"e-con-inner\">\n\t\t\t\t<div class=\"elementor-element elementor-element-e401a33 elementor-widget elementor-widget-text-editor\" data-id=\"e401a33\" data-element_type=\"widget\" data-e-type=\"widget\" data-widget_type=\"text-editor.default\">\n\t\t\t\t\t\t\t\t\t<h2>\u00c9v\u00e9nements culturels et sociaux \/ Ateliers et s\u00e9minaires <em>(\u00e0 venir)<\/em><\/h2>\t\t\t\t\t\t\t\t<\/div>\n\t\t\t\t<div class=\"elementor-element elementor-element-1766890 elementor-widget elementor-widget-text-editor\" data-id=\"1766890\" data-element_type=\"widget\" data-e-type=\"widget\" data-widget_type=\"text-editor.default\">\n\t\t\t\t\t\t\t\t\t<h3>\u00c9v\u00e9nements \u00e0 Toronto, Montr\u00e9al, etc.<em> (\u00e0 venir)<\/em><\/h3>\t\t\t\t\t\t\t\t<\/div>\n\t\t\t\t\t<\/div>\n\t\t\t\t<\/div>\n\t\t\t\t<\/div>","protected":false},"excerpt":{"rendered":"<p>Events Gallery Explore vibrant moments and memorable experiences from across the Greek community. Discover posters and photos from events that [&hellip;]<\/p>\n","protected":false},"author":1,"featured_media":0,"parent":0,"menu_order":0,"comment_status":"closed","ping_status":"closed","template":"","meta":{"_coblocks_attr":"","_coblocks_dimensions":"","_coblocks_responsive_height":"","_coblocks_accordion_ie_support":"","site-sidebar-layout":"no-sidebar","site-content-layout":"","ast-site-content-layout":"full-width-container","site-content-style":"default","site-sidebar-style":"default","ast-global-header-display":"","ast-banner-title-visibility":"","ast-main-header-display":"","ast-hfb-above-header-display":"","ast-hfb-below-header-display":"","ast-hfb-mobile-header-display":"","site-post-title":"disabled","ast-breadcrumbs-content":"","ast-featured-img":"disabled","footer-sml-layout":"","ast-disable-related-posts":"","theme-transparent-header-meta":"","adv-header-id-meta":"","stick-header-meta":"","header-above-stick-meta":"","header-main-stick-meta":"","header-below-stick-meta":"","astra-migrate-meta-layouts":"default","ast-page-background-enabled":"default","ast-page-background-meta":{"desktop":{"background-color":"var(--ast-global-color-5)","background-image":"","background-repeat":"repeat","background-position":"center center","background-size":"auto","background-attachment":"scroll","background-type":"","background-media":"","overlay-type":"","overlay-color":"","overlay-opacity":"","overlay-gradient":""},"tablet":{"background-color":"","background-image":"","background-repeat":"repeat","background-position":"center center","background-size":"auto","background-attachment":"scroll","background-type":"","background-media":"","overlay-type":"","overlay-color":"","overlay-opacity":"","overlay-gradient":""},"mobile":{"background-color":"","background-image":"","background-repeat":"repeat","background-position":"center center","background-size":"auto","background-attachment":"scroll","background-type":"","background-media":"","overlay-type":"","overlay-color":"","overlay-opacity":"","overlay-gradient":""}},"ast-content-background-meta":{"desktop":{"background-color":"var(--ast-global-color-4)","background-image":"","background-repeat":"repeat","background-position":"center center","background-size":"auto","background-attachment":"scroll","background-type":"","background-media":"","overlay-type":"","overlay-color":"","overlay-opacity":"","overlay-gradient":""},"tablet":{"background-color":"var(--ast-global-color-4)","background-image":"","background-repeat":"repeat","background-position":"center center","background-size":"auto","background-attachment":"scroll","background-type":"","background-media":"","overlay-type":"","overlay-color":"","overlay-opacity":"","overlay-gradient":""},"mobile":{"background-color":"var(--ast-global-color-4)","background-image":"","background-repeat":"repeat","background-position":"center center","background-size":"auto","background-attachment":"scroll","background-type":"","background-media":"","overlay-type":"","overlay-color":"","overlay-opacity":"","overlay-gradient":""}},"_mc_calendar":[],"footnotes":""},"class_list":["post-293","page","type-page","status-publish","hentry"],"yoast_head":"<!-- This site is optimized with the Yoast SEO plugin v27.5 - https:\/\/yoast.com\/product\/yoast-seo-wordpress\/ -->\n<title>Events Gallery \u2013 Greek Youth \/ Jeunesse Grecque<\/title>\n<meta name=\"description\" content=\"Explore posters and photos from Greek community events that bring youth together in celebration, learning, and connection across Canada.\" \/>\n<meta name=\"robots\" content=\"index, follow, max-snippet:-1, max-image-preview:large, max-video-preview:-1\" \/>\n<link rel=\"canonical\" href=\"https:\/\/greekyouth.org\/fr\/events-gallery\/\" \/>\n<meta property=\"og:locale\" content=\"fr_CA\" \/>\n<meta property=\"og:type\" content=\"article\" \/>\n<meta property=\"og:title\" content=\"Events Gallery \u2013 Greek Youth \/ Jeunesse Grecque | Community Highlights &amp; Posters\" \/>\n<meta property=\"og:description\" content=\"Explore posters and photos from Greek community events that bring youth together in celebration, learning, and connection.\" \/>\n<meta property=\"og:url\" content=\"https:\/\/greekyouth.org\/fr\/events-gallery\/\" \/>\n<meta property=\"og:site_name\" content=\"Greek Youth Organization\" \/>\n<meta property=\"article:publisher\" content=\"https:\/\/www.facebook.com\/GreekYouthCanada\" \/>\n<meta property=\"article:modified_time\" content=\"2025-11-05T17:06:25+00:00\" \/>\n<meta name=\"twitter:card\" content=\"summary_large_image\" \/>\n<meta name=\"twitter:label1\" content=\"Estimation du temps de lecture\" \/>\n\t<meta name=\"twitter:data1\" content=\"1 minute\" \/>\n<script type=\"application\/ld+json\" class=\"yoast-schema-graph\">{\"@context\":\"https:\\\/\\\/schema.org\",\"@graph\":[{\"@type\":\"WebPage\",\"@id\":\"https:\\\/\\\/greekyouth.org\\\/events-gallery\\\/\",\"url\":\"https:\\\/\\\/greekyouth.org\\\/events-gallery\\\/\",\"name\":\"Events Gallery \u2013 Greek Youth \\\/ Jeunesse Grecque\",\"isPartOf\":{\"@id\":\"https:\\\/\\\/greekyouth.org\\\/#website\"},\"datePublished\":\"2025-09-15T05:21:22+00:00\",\"dateModified\":\"2025-11-05T17:06:25+00:00\",\"description\":\"Explore posters and photos from Greek community events that bring youth together in celebration, learning, and connection across Canada.\",\"breadcrumb\":{\"@id\":\"https:\\\/\\\/greekyouth.org\\\/events-gallery\\\/#breadcrumb\"},\"inLanguage\":\"fr-CA\",\"potentialAction\":[{\"@type\":\"ReadAction\",\"target\":[\"https:\\\/\\\/greekyouth.org\\\/events-gallery\\\/\"]}]},{\"@type\":\"BreadcrumbList\",\"@id\":\"https:\\\/\\\/greekyouth.org\\\/events-gallery\\\/#breadcrumb\",\"itemListElement\":[{\"@type\":\"ListItem\",\"position\":1,\"name\":\"Home\",\"item\":\"https:\\\/\\\/greekyouth.org\\\/\"},{\"@type\":\"ListItem\",\"position\":2,\"name\":\"Events Gallery\"}]},{\"@type\":\"WebSite\",\"@id\":\"https:\\\/\\\/greekyouth.org\\\/#website\",\"url\":\"https:\\\/\\\/greekyouth.org\\\/\",\"name\":\"Greek Youth \\\/ Jeunesse Grecque\",\"description\":\"Uniting Greek Youth Across Canada\",\"publisher\":{\"@id\":\"https:\\\/\\\/greekyouth.org\\\/#organization\"},\"potentialAction\":[{\"@type\":\"SearchAction\",\"target\":{\"@type\":\"EntryPoint\",\"urlTemplate\":\"https:\\\/\\\/greekyouth.org\\\/?s={search_term_string}\"},\"query-input\":{\"@type\":\"PropertyValueSpecification\",\"valueRequired\":true,\"valueName\":\"search_term_string\"}}],\"inLanguage\":\"fr-CA\"},{\"@type\":\"Organization\",\"@id\":\"https:\\\/\\\/greekyouth.org\\\/#organization\",\"name\":\"Greek Youth Organization\",\"url\":\"https:\\\/\\\/greekyouth.org\\\/\",\"logo\":{\"@type\":\"ImageObject\",\"inLanguage\":\"fr-CA\",\"@id\":\"https:\\\/\\\/greekyouth.org\\\/#\\\/schema\\\/logo\\\/image\\\/\",\"url\":\"https:\\\/\\\/greekyouth.org\\\/wp-content\\\/uploads\\\/2025\\\/06\\\/GREEK-YOUTH-Logo-OFFICIAL-PNG.png\",\"contentUrl\":\"https:\\\/\\\/greekyouth.org\\\/wp-content\\\/uploads\\\/2025\\\/06\\\/GREEK-YOUTH-Logo-OFFICIAL-PNG.png\",\"width\":704,\"height\":1016,\"caption\":\"Greek Youth Organization\"},\"image\":{\"@id\":\"https:\\\/\\\/greekyouth.org\\\/#\\\/schema\\\/logo\\\/image\\\/\"},\"sameAs\":[\"https:\\\/\\\/www.facebook.com\\\/GreekYouthCanada\",\"https:\\\/\\\/www.instagram.com\\\/GreekYouthCanada\"]}]}<\/script>\n<!-- \/ Yoast SEO plugin. -->","yoast_head_json":{"title":"Events Gallery \u2013 Greek Youth \/ Jeunesse Grecque","description":"Explore posters and photos from Greek community events that bring youth together in celebration, learning, and connection across Canada.","robots":{"index":"index","follow":"follow","max-snippet":"max-snippet:-1","max-image-preview":"max-image-preview:large","max-video-preview":"max-video-preview:-1"},"canonical":"https:\/\/greekyouth.org\/fr\/events-gallery\/","og_locale":"fr_CA","og_type":"article","og_title":"Events Gallery \u2013 Greek Youth \/ Jeunesse Grecque | Community Highlights & Posters","og_description":"Explore posters and photos from Greek community events that bring youth together in celebration, learning, and connection.","og_url":"https:\/\/greekyouth.org\/fr\/events-gallery\/","og_site_name":"Greek Youth Organization","article_publisher":"https:\/\/www.facebook.com\/GreekYouthCanada","article_modified_time":"2025-11-05T17:06:25+00:00","twitter_card":"summary_large_image","twitter_misc":{"Estimation du temps de lecture":"1 minute"},"schema":{"@context":"https:\/\/schema.org","@graph":[{"@type":"WebPage","@id":"https:\/\/greekyouth.org\/events-gallery\/","url":"https:\/\/greekyouth.org\/events-gallery\/","name":"Events Gallery \u2013 Greek Youth \/ Jeunesse Grecque","isPartOf":{"@id":"https:\/\/greekyouth.org\/#website"},"datePublished":"2025-09-15T05:21:22+00:00","dateModified":"2025-11-05T17:06:25+00:00","description":"Explore posters and photos from Greek community events that bring youth together in celebration, learning, and connection across Canada.","breadcrumb":{"@id":"https:\/\/greekyouth.org\/events-gallery\/#breadcrumb"},"inLanguage":"fr-CA","potentialAction":[{"@type":"ReadAction","target":["https:\/\/greekyouth.org\/events-gallery\/"]}]},{"@type":"BreadcrumbList","@id":"https:\/\/greekyouth.org\/events-gallery\/#breadcrumb","itemListElement":[{"@type":"ListItem","position":1,"name":"Home","item":"https:\/\/greekyouth.org\/"},{"@type":"ListItem","position":2,"name":"Events Gallery"}]},{"@type":"WebSite","@id":"https:\/\/greekyouth.org\/#website","url":"https:\/\/greekyouth.org\/","name":"Greek Youth \/ Jeunesse Grecque","description":"Unir la Jeunesse Grecque \u00e0 travers le Canada","publisher":{"@id":"https:\/\/greekyouth.org\/#organization"},"potentialAction":[{"@type":"SearchAction","target":{"@type":"EntryPoint","urlTemplate":"https:\/\/greekyouth.org\/?s={search_term_string}"},"query-input":{"@type":"PropertyValueSpecification","valueRequired":true,"valueName":"search_term_string"}}],"inLanguage":"fr-CA"},{"@type":"Organization","@id":"https:\/\/greekyouth.org\/#organization","name":"Organisation Jeunesse Grecque","url":"https:\/\/greekyouth.org\/","logo":{"@type":"ImageObject","inLanguage":"fr-CA","@id":"https:\/\/greekyouth.org\/#\/schema\/logo\/image\/","url":"https:\/\/greekyouth.org\/wp-content\/uploads\/2025\/06\/GREEK-YOUTH-Logo-OFFICIAL-PNG.png","contentUrl":"https:\/\/greekyouth.org\/wp-content\/uploads\/2025\/06\/GREEK-YOUTH-Logo-OFFICIAL-PNG.png","width":704,"height":1016,"caption":"Greek Youth Organization"},"image":{"@id":"https:\/\/greekyouth.org\/#\/schema\/logo\/image\/"},"sameAs":["https:\/\/www.facebook.com\/GreekYouthCanada","https:\/\/www.instagram.com\/GreekYouthCanada"]}]}},"_links":{"self":[{"href":"https:\/\/greekyouth.org\/fr\/wp-json\/wp\/v2\/pages\/293","targetHints":{"allow":["GET"]}}],"collection":[{"href":"https:\/\/greekyouth.org\/fr\/wp-json\/wp\/v2\/pages"}],"about":[{"href":"https:\/\/greekyouth.org\/fr\/wp-json\/wp\/v2\/types\/page"}],"author":[{"embeddable":true,"href":"https:\/\/greekyouth.org\/fr\/wp-json\/wp\/v2\/users\/1"}],"replies":[{"embeddable":true,"href":"https:\/\/greekyouth.org\/fr\/wp-json\/wp\/v2\/comments?post=293"}],"version-history":[{"count":49,"href":"https:\/\/greekyouth.org\/fr\/wp-json\/wp\/v2\/pages\/293\/revisions"}],"predecessor-version":[{"id":1441,"href":"https:\/\/greekyouth.org\/fr\/wp-json\/wp\/v2\/pages\/293\/revisions\/1441"}],"wp:attachment":[{"href":"https:\/\/greekyouth.org\/fr\/wp-json\/wp\/v2\/media?parent=293"}],"curies":[{"name":"wp","href":"https:\/\/api.w.org\/{rel}","templated":true}]}}