{"id":286,"date":"2025-09-15T05:11:44","date_gmt":"2025-09-15T05:11:44","guid":{"rendered":"https:\/\/greekyouth.org\/?page_id=286"},"modified":"2026-02-26T11:34:42","modified_gmt":"2026-02-26T16:34:42","slug":"greek-directory","status":"publish","type":"page","link":"https:\/\/greekyouth.org\/fr\/greek-directory\/","title":{"rendered":"R\u00e9pertoire grec"},"content":{"rendered":"<div data-elementor-type=\"wp-page\" data-elementor-id=\"286\" class=\"elementor elementor-286\">\n\t\t\t\t<div class=\"elementor-element elementor-element-4467fcf e-flex e-con-boxed e-con e-parent\" data-id=\"4467fcf\" data-element_type=\"container\" data-e-type=\"container\">\n\t\t\t\t\t<div class=\"e-con-inner\">\n\t\t\t\t<div class=\"elementor-element elementor-element-29fb23c elementor-widget elementor-widget-text-editor\" data-id=\"29fb23c\" data-element_type=\"widget\" data-e-type=\"widget\" data-widget_type=\"text-editor.default\">\n\t\t\t\t\t\t\t\t\t<h2 data-start=\"1058\" data-end=\"1404\"><span style=\"color: #333333;\"><strong data-start=\"1058\" data-end=\"1099\">Bienvenue dans l'annuaire de la Jeunesse Grecque!<\/strong><\/span><\/h2><p data-start=\"267\" data-end=\"311\"><span style=\"color: #333333;\">Le r\u00e9pertoire de Jeunesse Grecque est mis \u00e0 jour chaque semaine.<\/span><\/p><p data-start=\"313\" data-end=\"611\"><span style=\"color: #333333;\">D\u00e9couvrez les associations grecques, les groupes culturels et les entreprises grecques qui maintiennent les liens au sein de notre communaut\u00e9 \u00e0 travers le Canada. Que vous recherchiez une association \u00e9tudiante, une organisation culturelle ou un service professionnel, notre r\u00e9pertoire vous aide \u00e0 explorer et \u00e0 entrer en contact avec la communaut\u00e9 grecque pr\u00e8s de chez vous.<\/span><\/p><h2 data-start=\"1058\" data-end=\"1404\"><span style=\"color: #333333;\"><img fetchpriority=\"high\" decoding=\"async\" class=\"aligncenter wp-image-1473\" src=\"https:\/\/greekyouth.org\/wp-content\/uploads\/2025\/10\/greek-directory-hero-banner-2-e1761830345885.png\" alt=\"Banner image for the Greek Youth Directory featuring associations, businesses, and services across Canada.\" width=\"798\" height=\"500\" srcset=\"https:\/\/greekyouth.org\/wp-content\/uploads\/2025\/10\/greek-directory-hero-banner-2-e1761830345885.png 940w, https:\/\/greekyouth.org\/wp-content\/uploads\/2025\/10\/greek-directory-hero-banner-2-e1761830345885-300x188.png 300w, https:\/\/greekyouth.org\/wp-content\/uploads\/2025\/10\/greek-directory-hero-banner-2-e1761830345885-768x481.png 768w, https:\/\/greekyouth.org\/wp-content\/uploads\/2025\/10\/greek-directory-hero-banner-2-e1761830345885-500x313.png 500w, https:\/\/greekyouth.org\/wp-content\/uploads\/2025\/10\/greek-directory-hero-banner-2-e1761830345885-600x376.png 600w\" sizes=\"(max-width: 798px) 100vw, 798px\" \/><\/span><\/h2><h3 data-start=\"1411\" data-end=\"1607\"><span style=\"color: #333333;\"><strong data-start=\"1411\" data-end=\"1428\">\u00a0<\/strong><\/span><\/h3><h3 data-start=\"1411\" data-end=\"1607\"><span style=\"color: #333333;\"><strong data-start=\"1411\" data-end=\"1428\">Rechercher des annonces<\/strong><\/span><\/h3><p data-start=\"1411\" data-end=\"1607\"><br data-start=\"1428\" data-end=\"1431\" \/><span style=\"color: #333333;\">Utilisez la barre de recherche ou les filtres par cat\u00e9gorie ci-dessous pour trouver des associations, des programmes et des opportunit\u00e9s.<\/span><br data-start=\"736\" data-end=\"739\" \/><span style=\"color: #333333;\">Chaque annonce est examin\u00e9e et approuv\u00e9e par notre \u00e9quipe avant d'\u00eatre publi\u00e9e<\/span>.<\/p><p><span style=\"color: #333333;\">\u00a0<\/span><\/p>\t\t\t\t\t\t\t\t<\/div>\n\t\t\t\t\t<\/div>\n\t\t\t\t<\/div>\n\t\t<div class=\"elementor-element elementor-element-961729f e-flex e-con-boxed e-con e-parent\" data-id=\"961729f\" data-element_type=\"container\" data-e-type=\"container\">\n\t\t\t\t\t<div class=\"e-con-inner\">\n\t\t\t\t<div class=\"elementor-element elementor-element-1831156 elementor-widget elementor-widget-shortcode\" data-id=\"1831156\" data-element_type=\"widget\" data-e-type=\"widget\" data-widget_type=\"shortcode.default\">\n\t\t\t\t\t\t\t<div class=\"elementor-shortcode\"><h2>Rechercher par cat\u00e9gorie<\/h2>\n\n<ul class=\"gy-directory-quick-cats\">\n  <li>\n    <a href=\"https:\/\/greekyouth.org\/fr\/business-directory\/wpbdp_category\/schools-language-programs\/\">\n      \u00c9coles &amp; programmes linguistiques\n    <\/a>\n  <\/li>\n  <li>\n    <a href=\"https:\/\/greekyouth.org\/fr\/business-directory\/wpbdp_category\/student-associations\/\">\n      Associations \u00e9tudiantes\n    <\/a>\n  <\/li>\n  <li>\n    <a href=\"https:\/\/greekyouth.org\/fr\/business-directory\/wpbdp_category\/youth-sports-clubs\/\">\n      Youth &amp; Sports Clubs\n    <\/a>\n  <\/li>\n<\/ul>\n<\/div>\n\t\t\t\t\t\t<\/div>\n\t\t\t\t\t<\/div>\n\t\t\t\t<\/div>\n\t\t<div class=\"elementor-element elementor-element-7072f26 e-flex e-con-boxed e-con e-parent\" data-id=\"7072f26\" data-element_type=\"container\" data-e-type=\"container\">\n\t\t\t\t\t<div class=\"e-con-inner\">\n\t\t\t\t<div class=\"elementor-element elementor-element-03d159a elementor-widget elementor-widget-spacer\" data-id=\"03d159a\" data-element_type=\"widget\" data-e-type=\"widget\" data-widget_type=\"spacer.default\">\n\t\t\t\t\t\t\t<div class=\"elementor-spacer\">\n\t\t\t<div class=\"elementor-spacer-inner\"><\/div>\n\t\t<\/div>\n\t\t\t\t\t\t<\/div>\n\t\t\t\t\t<\/div>\n\t\t\t\t<\/div>\n\t\t<div class=\"elementor-element elementor-element-22e8552 e-flex e-con-boxed e-con e-parent\" data-id=\"22e8552\" data-element_type=\"container\" data-e-type=\"container\">\n\t\t\t\t\t<div class=\"e-con-inner\">\n\t\t\t\t<div class=\"elementor-element elementor-element-e895eb4 elementor-widget elementor-widget-text-editor\" data-id=\"e895eb4\" data-element_type=\"widget\" data-e-type=\"widget\" data-widget_type=\"text-editor.default\">\n\t\t\t\t\t\t\t\t\t<p><span style=\"color: #333333;\"><strong data-start=\"1570\" data-end=\"1597\">Ajouter ou mettre \u00e0 jour une annonce<\/strong><\/span><\/p><p><span style=\"color: #333333;\">Faites-vous partie d'une association, d'une organisation ou d'une entreprise grecque?<\/span><\/p><p><span style=\"color: #333333;\">Le formulaire de soumission en ligne sera bient\u00f4t disponible.<\/span><br data-start=\"566\" data-end=\"569\" \/><span style=\"color: #333333;\">Pour l'instant, si vous souhaitez <strong data-start=\"599\" data-end=\"626\">ajouter ou mettre \u00e0 jour une annonce,<\/strong>\u00a0veuillez nous envoyer un courriel \u00e0 <strong data-start=\"693\" data-end=\"716\"><a class=\"decorated-link cursor-pointer\" style=\"color: #333333;\" rel=\"noopener\" data-start=\"695\" data-end=\"714\">info@greekyouth.org<\/a><\/strong> en indiquant les informations suivantes:<\/span><\/p><p><span style=\"color: #333333;\"><strong data-start=\"750\" data-end=\"821\">Pour demander une nouvelle inscription ou mettre \u00e0 jour une inscription existante, veuillez inclure:<\/strong><\/span><\/p><ul><li data-start=\"825\" data-end=\"852\"><span style=\"color: #333333;\">Nom de votre organisation<\/span><\/li><li data-start=\"825\" data-end=\"852\"><span style=\"color: #333333; font-size: 18px;\">Ville &amp; province<\/span><\/li><li data-start=\"825\" data-end=\"852\"><span style=\"color: #333333; font-size: 18px;\">Liens vers le site web ou les r\u00e9seaux sociaux<\/span><\/li><li data-start=\"825\" data-end=\"852\"><span style=\"color: #333333; font-size: 18px;\">Coordonn\u00e9es<\/span><\/li><li data-start=\"825\" data-end=\"852\"><span style=\"color: #333333; font-size: 18px;\">Br\u00e8ve description<\/span><\/li><li data-start=\"825\" data-end=\"852\"><span style=\"color: #333333; font-size: 18px;\">Logo ou image (facultatif)<\/span><\/li><\/ul><p><span style=\"color: #333333;\">Toutes les annonces sont examin\u00e9es et approuv\u00e9es avant d'appara\u00eetre dans l'annuaire.<\/span><\/p><p><span style=\"color: #333333;\"><strong data-start=\"1967\" data-end=\"1983\">Corrections:<\/strong> Si vous remarquez une erreur ou des informations manquantes dans une liste du r\u00e9pertoire, veuillez nous en informer \u00e0 l'adresse suivante: <a class=\"decorated-link cursor-pointer\" style=\"color: #333333;\" rel=\"noopener\" data-start=\"2078\" data-end=\"2097\">info@greekyouth.org<\/a>.<\/span><\/p>\t\t\t\t\t\t\t\t<\/div>\n\t\t\t\t\t<\/div>\n\t\t\t\t<\/div>\n\t\t<div class=\"elementor-element elementor-element-7ee5cdd e-flex e-con-boxed e-con e-parent\" data-id=\"7ee5cdd\" data-element_type=\"container\" data-e-type=\"container\">\n\t\t\t\t\t<div class=\"e-con-inner\">\n\t\t\t\t<div class=\"elementor-element elementor-element-2c9a88b elementor-widget elementor-widget-spacer\" data-id=\"2c9a88b\" data-element_type=\"widget\" data-e-type=\"widget\" data-widget_type=\"spacer.default\">\n\t\t\t\t\t\t\t<div class=\"elementor-spacer\">\n\t\t\t<div class=\"elementor-spacer-inner\"><\/div>\n\t\t<\/div>\n\t\t\t\t\t\t<\/div>\n\t\t\t\t\t<\/div>\n\t\t\t\t<\/div>\n\t\t<div class=\"elementor-element elementor-element-d85be20 e-flex e-con-boxed e-con e-parent\" data-id=\"d85be20\" data-element_type=\"container\" data-e-type=\"container\">\n\t\t\t\t\t<div class=\"e-con-inner\">\n\t\t\t\t\t<\/div>\n\t\t\t\t<\/div>\n\t\t<div class=\"elementor-element elementor-element-42a7691 e-flex e-con-boxed e-con e-parent\" data-id=\"42a7691\" data-element_type=\"container\" data-e-type=\"container\">\n\t\t\t\t\t<div class=\"e-con-inner\">\n\t\t\t\t<div class=\"elementor-element elementor-element-3f68468 elementor-widget elementor-widget-text-editor\" data-id=\"3f68468\" data-element_type=\"widget\" data-e-type=\"widget\" data-widget_type=\"text-editor.default\">\n\t\t\t\t\t\t\t\t\t<p data-start=\"2158\" data-end=\"2172\"><strong><span style=\"color: #333333;\">\u00c0 venir:<\/span><\/strong><\/p><ul data-start=\"2173\" data-end=\"2341\"><li data-start=\"2227\" data-end=\"2278\"><p data-start=\"2229\" data-end=\"2278\"><span style=\"color: #333333;\"><strong data-start=\"2229\" data-end=\"2250\">Annonces en vedette<\/strong> pour les sponsors et partenaires<\/span><\/p><\/li><li data-start=\"2279\" data-end=\"2341\"><p data-start=\"2281\" data-end=\"2341\"><span style=\"color: #333333;\"><strong data-start=\"2281\" data-end=\"2307\">Formulaire de soumission publique<\/strong> pour les associations et les entreprises<\/span><\/p><\/li><\/ul>\t\t\t\t\t\t\t\t<\/div>\n\t\t\t\t\t<\/div>\n\t\t\t\t<\/div>\n\t\t<div class=\"elementor-element elementor-element-75d9bb7 e-flex e-con-boxed e-con e-parent\" data-id=\"75d9bb7\" data-element_type=\"container\" data-e-type=\"container\">\n\t\t\t\t\t<div class=\"e-con-inner\">\n\t\t\t\t<div class=\"elementor-element elementor-element-248a8ca elementor-widget-divider--view-line elementor-widget elementor-widget-divider\" data-id=\"248a8ca\" data-element_type=\"widget\" data-e-type=\"widget\" data-widget_type=\"divider.default\">\n\t\t\t\t\t\t\t<div class=\"elementor-divider\">\n\t\t\t<span class=\"elementor-divider-separator\">\n\t\t\t\t\t\t<\/span>\n\t\t<\/div>\n\t\t\t\t\t\t<\/div>\n\t\t\t\t\t<\/div>\n\t\t\t\t<\/div>\n\t\t<div class=\"elementor-element elementor-element-430c97b e-flex e-con-boxed e-con e-parent\" data-id=\"430c97b\" data-element_type=\"container\" data-e-type=\"container\">\n\t\t\t\t\t<div class=\"e-con-inner\">\n\t\t\t\t<div class=\"elementor-element elementor-element-3b3637b elementor-widget elementor-widget-text-editor\" data-id=\"3b3637b\" data-element_type=\"widget\" data-e-type=\"widget\" data-widget_type=\"text-editor.default\">\n\t\t\t\t\t\t\t\t\t<p><span style=\"color: #333333;\">Renforcer les liens entre les jeunes Grecs et les communaut\u00e9s grecques \u00e0 travers le Canada.<\/span><\/p>\t\t\t\t\t\t\t\t<\/div>\n\t\t\t\t\t<\/div>\n\t\t\t\t<\/div>\n\t\t\t\t<\/div>","protected":false},"excerpt":{"rendered":"<p>Welcome to the Greek Youth Directory! The Greek Youth Directory is updated weekly. Discover Greek associations, cultural groups, and Greek-owned [&hellip;]<\/p>\n","protected":false},"author":1,"featured_media":0,"parent":0,"menu_order":0,"comment_status":"closed","ping_status":"closed","template":"","meta":{"_coblocks_attr":"","_coblocks_dimensions":"","_coblocks_responsive_height":"","_coblocks_accordion_ie_support":"","site-sidebar-layout":"no-sidebar","site-content-layout":"","ast-site-content-layout":"full-width-container","site-content-style":"default","site-sidebar-style":"default","ast-global-header-display":"","ast-banner-title-visibility":"","ast-main-header-display":"","ast-hfb-above-header-display":"","ast-hfb-below-header-display":"","ast-hfb-mobile-header-display":"","site-post-title":"disabled","ast-breadcrumbs-content":"","ast-featured-img":"disabled","footer-sml-layout":"","ast-disable-related-posts":"","theme-transparent-header-meta":"","adv-header-id-meta":"","stick-header-meta":"","header-above-stick-meta":"","header-main-stick-meta":"","header-below-stick-meta":"","astra-migrate-meta-layouts":"default","ast-page-background-enabled":"default","ast-page-background-meta":{"desktop":{"background-color":"var(--ast-global-color-5)","background-image":"","background-repeat":"repeat","background-position":"center center","background-size":"auto","background-attachment":"scroll","background-type":"","background-media":"","overlay-type":"","overlay-color":"","overlay-opacity":"","overlay-gradient":""},"tablet":{"background-color":"","background-image":"","background-repeat":"repeat","background-position":"center center","background-size":"auto","background-attachment":"scroll","background-type":"","background-media":"","overlay-type":"","overlay-color":"","overlay-opacity":"","overlay-gradient":""},"mobile":{"background-color":"","background-image":"","background-repeat":"repeat","background-position":"center center","background-size":"auto","background-attachment":"scroll","background-type":"","background-media":"","overlay-type":"","overlay-color":"","overlay-opacity":"","overlay-gradient":""}},"ast-content-background-meta":{"desktop":{"background-color":"var(--ast-global-color-4)","background-image":"","background-repeat":"repeat","background-position":"center center","background-size":"auto","background-attachment":"scroll","background-type":"","background-media":"","overlay-type":"","overlay-color":"","overlay-opacity":"","overlay-gradient":""},"tablet":{"background-color":"var(--ast-global-color-4)","background-image":"","background-repeat":"repeat","background-position":"center center","background-size":"auto","background-attachment":"scroll","background-type":"","background-media":"","overlay-type":"","overlay-color":"","overlay-opacity":"","overlay-gradient":""},"mobile":{"background-color":"var(--ast-global-color-4)","background-image":"","background-repeat":"repeat","background-position":"center center","background-size":"auto","background-attachment":"scroll","background-type":"","background-media":"","overlay-type":"","overlay-color":"","overlay-opacity":"","overlay-gradient":""}},"_mc_calendar":[],"footnotes":""},"class_list":["post-286","page","type-page","status-publish","hentry"],"yoast_head":"<!-- This site is optimized with the Yoast SEO plugin v27.5 - https:\/\/yoast.com\/product\/yoast-seo-wordpress\/ -->\n<title>Greek Directory \u2013 Greek Youth \/ Jeunesse Grecque<\/title>\n<meta name=\"description\" content=\"Browse Greek associations, cultural groups, and Greek-owned businesses helping connect our community across Canada.\" \/>\n<meta name=\"robots\" content=\"index, follow, max-snippet:-1, max-image-preview:large, max-video-preview:-1\" \/>\n<link rel=\"canonical\" href=\"https:\/\/greekyouth.org\/fr\/greek-directory\/\" \/>\n<meta property=\"og:locale\" content=\"fr_CA\" \/>\n<meta property=\"og:type\" content=\"article\" \/>\n<meta property=\"og:title\" content=\"Greek Directory \u2013 Greek Youth \/ Jeunesse Grecque | Associations, Businesses &amp; Organizations in Canada\" \/>\n<meta property=\"og:description\" content=\"Find Greek associations, businesses, and organizations across Canada. Connect with cultural groups, student networks, and professional services near you.\" \/>\n<meta property=\"og:url\" content=\"https:\/\/greekyouth.org\/fr\/greek-directory\/\" \/>\n<meta property=\"og:site_name\" content=\"Greek Youth Organization\" \/>\n<meta property=\"article:publisher\" content=\"https:\/\/www.facebook.com\/GreekYouthCanada\" \/>\n<meta property=\"article:modified_time\" content=\"2026-02-26T16:34:42+00:00\" \/>\n<meta property=\"og:image\" content=\"https:\/\/greekyouth.org\/wp-content\/uploads\/2025\/10\/greek-directory-hero-banner-2-e1761830345885.png\" \/>\n\t<meta property=\"og:image:width\" content=\"940\" \/>\n\t<meta property=\"og:image:height\" content=\"589\" \/>\n\t<meta property=\"og:image:type\" content=\"image\/png\" \/>\n<meta name=\"twitter:card\" content=\"summary_large_image\" \/>\n<meta name=\"twitter:label1\" content=\"Estimation du temps de lecture\" \/>\n\t<meta name=\"twitter:data1\" content=\"2 minutes\" \/>\n<script type=\"application\/ld+json\" class=\"yoast-schema-graph\">{\"@context\":\"https:\\\/\\\/schema.org\",\"@graph\":[{\"@type\":\"WebPage\",\"@id\":\"https:\\\/\\\/greekyouth.org\\\/greek-directory\\\/\",\"url\":\"https:\\\/\\\/greekyouth.org\\\/greek-directory\\\/\",\"name\":\"Greek Directory \u2013 Greek Youth \\\/ Jeunesse Grecque\",\"isPartOf\":{\"@id\":\"https:\\\/\\\/greekyouth.org\\\/#website\"},\"primaryImageOfPage\":{\"@id\":\"https:\\\/\\\/greekyouth.org\\\/greek-directory\\\/#primaryimage\"},\"image\":{\"@id\":\"https:\\\/\\\/greekyouth.org\\\/greek-directory\\\/#primaryimage\"},\"thumbnailUrl\":\"https:\\\/\\\/greekyouth.org\\\/wp-content\\\/uploads\\\/2025\\\/10\\\/greek-directory-hero-banner-2-e1761830345885.png\",\"datePublished\":\"2025-09-15T05:11:44+00:00\",\"dateModified\":\"2026-02-26T16:34:42+00:00\",\"description\":\"Browse Greek associations, cultural groups, and Greek-owned businesses helping connect our community across Canada.\",\"breadcrumb\":{\"@id\":\"https:\\\/\\\/greekyouth.org\\\/greek-directory\\\/#breadcrumb\"},\"inLanguage\":\"fr-CA\",\"potentialAction\":[{\"@type\":\"ReadAction\",\"target\":[\"https:\\\/\\\/greekyouth.org\\\/greek-directory\\\/\"]}]},{\"@type\":\"ImageObject\",\"inLanguage\":\"fr-CA\",\"@id\":\"https:\\\/\\\/greekyouth.org\\\/greek-directory\\\/#primaryimage\",\"url\":\"https:\\\/\\\/greekyouth.org\\\/wp-content\\\/uploads\\\/2025\\\/10\\\/greek-directory-hero-banner-2-e1761830345885.png\",\"contentUrl\":\"https:\\\/\\\/greekyouth.org\\\/wp-content\\\/uploads\\\/2025\\\/10\\\/greek-directory-hero-banner-2-e1761830345885.png\"},{\"@type\":\"BreadcrumbList\",\"@id\":\"https:\\\/\\\/greekyouth.org\\\/greek-directory\\\/#breadcrumb\",\"itemListElement\":[{\"@type\":\"ListItem\",\"position\":1,\"name\":\"Home\",\"item\":\"https:\\\/\\\/greekyouth.org\\\/\"},{\"@type\":\"ListItem\",\"position\":2,\"name\":\"Greek Directory\"}]},{\"@type\":\"WebSite\",\"@id\":\"https:\\\/\\\/greekyouth.org\\\/#website\",\"url\":\"https:\\\/\\\/greekyouth.org\\\/\",\"name\":\"Greek Youth \\\/ Jeunesse Grecque\",\"description\":\"Uniting Greek Youth Across Canada\",\"publisher\":{\"@id\":\"https:\\\/\\\/greekyouth.org\\\/#organization\"},\"potentialAction\":[{\"@type\":\"SearchAction\",\"target\":{\"@type\":\"EntryPoint\",\"urlTemplate\":\"https:\\\/\\\/greekyouth.org\\\/?s={search_term_string}\"},\"query-input\":{\"@type\":\"PropertyValueSpecification\",\"valueRequired\":true,\"valueName\":\"search_term_string\"}}],\"inLanguage\":\"fr-CA\"},{\"@type\":\"Organization\",\"@id\":\"https:\\\/\\\/greekyouth.org\\\/#organization\",\"name\":\"Greek Youth Organization\",\"url\":\"https:\\\/\\\/greekyouth.org\\\/\",\"logo\":{\"@type\":\"ImageObject\",\"inLanguage\":\"fr-CA\",\"@id\":\"https:\\\/\\\/greekyouth.org\\\/#\\\/schema\\\/logo\\\/image\\\/\",\"url\":\"https:\\\/\\\/greekyouth.org\\\/wp-content\\\/uploads\\\/2025\\\/06\\\/GREEK-YOUTH-Logo-OFFICIAL-PNG.png\",\"contentUrl\":\"https:\\\/\\\/greekyouth.org\\\/wp-content\\\/uploads\\\/2025\\\/06\\\/GREEK-YOUTH-Logo-OFFICIAL-PNG.png\",\"width\":704,\"height\":1016,\"caption\":\"Greek Youth Organization\"},\"image\":{\"@id\":\"https:\\\/\\\/greekyouth.org\\\/#\\\/schema\\\/logo\\\/image\\\/\"},\"sameAs\":[\"https:\\\/\\\/www.facebook.com\\\/GreekYouthCanada\",\"https:\\\/\\\/www.instagram.com\\\/GreekYouthCanada\"]}]}<\/script>\n<!-- \/ Yoast SEO plugin. -->","yoast_head_json":{"title":"Greek Directory \u2013 Greek Youth \/ Jeunesse Grecque","description":"Browse Greek associations, cultural groups, and Greek-owned businesses helping connect our community across Canada.","robots":{"index":"index","follow":"follow","max-snippet":"max-snippet:-1","max-image-preview":"max-image-preview:large","max-video-preview":"max-video-preview:-1"},"canonical":"https:\/\/greekyouth.org\/fr\/greek-directory\/","og_locale":"fr_CA","og_type":"article","og_title":"Greek Directory \u2013 Greek Youth \/ Jeunesse Grecque | Associations, Businesses & Organizations in Canada","og_description":"Find Greek associations, businesses, and organizations across Canada. Connect with cultural groups, student networks, and professional services near you.","og_url":"https:\/\/greekyouth.org\/fr\/greek-directory\/","og_site_name":"Greek Youth Organization","article_publisher":"https:\/\/www.facebook.com\/GreekYouthCanada","article_modified_time":"2026-02-26T16:34:42+00:00","og_image":[{"width":940,"height":589,"url":"https:\/\/greekyouth.org\/wp-content\/uploads\/2025\/10\/greek-directory-hero-banner-2-e1761830345885.png","type":"image\/png"}],"twitter_card":"summary_large_image","twitter_misc":{"Estimation du temps de lecture":"2 minutes"},"schema":{"@context":"https:\/\/schema.org","@graph":[{"@type":"WebPage","@id":"https:\/\/greekyouth.org\/greek-directory\/","url":"https:\/\/greekyouth.org\/greek-directory\/","name":"Greek Directory \u2013 Greek Youth \/ Jeunesse Grecque","isPartOf":{"@id":"https:\/\/greekyouth.org\/#website"},"primaryImageOfPage":{"@id":"https:\/\/greekyouth.org\/greek-directory\/#primaryimage"},"image":{"@id":"https:\/\/greekyouth.org\/greek-directory\/#primaryimage"},"thumbnailUrl":"https:\/\/greekyouth.org\/wp-content\/uploads\/2025\/10\/greek-directory-hero-banner-2-e1761830345885.png","datePublished":"2025-09-15T05:11:44+00:00","dateModified":"2026-02-26T16:34:42+00:00","description":"Browse Greek associations, cultural groups, and Greek-owned businesses helping connect our community across Canada.","breadcrumb":{"@id":"https:\/\/greekyouth.org\/greek-directory\/#breadcrumb"},"inLanguage":"fr-CA","potentialAction":[{"@type":"ReadAction","target":["https:\/\/greekyouth.org\/greek-directory\/"]}]},{"@type":"ImageObject","inLanguage":"fr-CA","@id":"https:\/\/greekyouth.org\/greek-directory\/#primaryimage","url":"https:\/\/greekyouth.org\/wp-content\/uploads\/2025\/10\/greek-directory-hero-banner-2-e1761830345885.png","contentUrl":"https:\/\/greekyouth.org\/wp-content\/uploads\/2025\/10\/greek-directory-hero-banner-2-e1761830345885.png"},{"@type":"BreadcrumbList","@id":"https:\/\/greekyouth.org\/greek-directory\/#breadcrumb","itemListElement":[{"@type":"ListItem","position":1,"name":"Home","item":"https:\/\/greekyouth.org\/"},{"@type":"ListItem","position":2,"name":"Greek Directory"}]},{"@type":"WebSite","@id":"https:\/\/greekyouth.org\/#website","url":"https:\/\/greekyouth.org\/","name":"Greek Youth \/ Jeunesse Grecque","description":"Unir la Jeunesse Grecque \u00e0 travers le Canada","publisher":{"@id":"https:\/\/greekyouth.org\/#organization"},"potentialAction":[{"@type":"SearchAction","target":{"@type":"EntryPoint","urlTemplate":"https:\/\/greekyouth.org\/?s={search_term_string}"},"query-input":{"@type":"PropertyValueSpecification","valueRequired":true,"valueName":"search_term_string"}}],"inLanguage":"fr-CA"},{"@type":"Organization","@id":"https:\/\/greekyouth.org\/#organization","name":"Organisation Jeunesse Grecque","url":"https:\/\/greekyouth.org\/","logo":{"@type":"ImageObject","inLanguage":"fr-CA","@id":"https:\/\/greekyouth.org\/#\/schema\/logo\/image\/","url":"https:\/\/greekyouth.org\/wp-content\/uploads\/2025\/06\/GREEK-YOUTH-Logo-OFFICIAL-PNG.png","contentUrl":"https:\/\/greekyouth.org\/wp-content\/uploads\/2025\/06\/GREEK-YOUTH-Logo-OFFICIAL-PNG.png","width":704,"height":1016,"caption":"Greek Youth Organization"},"image":{"@id":"https:\/\/greekyouth.org\/#\/schema\/logo\/image\/"},"sameAs":["https:\/\/www.facebook.com\/GreekYouthCanada","https:\/\/www.instagram.com\/GreekYouthCanada"]}]}},"_links":{"self":[{"href":"https:\/\/greekyouth.org\/fr\/wp-json\/wp\/v2\/pages\/286","targetHints":{"allow":["GET"]}}],"collection":[{"href":"https:\/\/greekyouth.org\/fr\/wp-json\/wp\/v2\/pages"}],"about":[{"href":"https:\/\/greekyouth.org\/fr\/wp-json\/wp\/v2\/types\/page"}],"author":[{"embeddable":true,"href":"https:\/\/greekyouth.org\/fr\/wp-json\/wp\/v2\/users\/1"}],"replies":[{"embeddable":true,"href":"https:\/\/greekyouth.org\/fr\/wp-json\/wp\/v2\/comments?post=286"}],"version-history":[{"count":121,"href":"https:\/\/greekyouth.org\/fr\/wp-json\/wp\/v2\/pages\/286\/revisions"}],"predecessor-version":[{"id":2619,"href":"https:\/\/greekyouth.org\/fr\/wp-json\/wp\/v2\/pages\/286\/revisions\/2619"}],"wp:attachment":[{"href":"https:\/\/greekyouth.org\/fr\/wp-json\/wp\/v2\/media?parent=286"}],"curies":[{"name":"wp","href":"https:\/\/api.w.org\/{rel}","templated":true}]}}