{"id":144,"date":"2025-09-08T01:08:27","date_gmt":"2025-09-08T01:08:27","guid":{"rendered":"https:\/\/greekyouth.org\/?page_id=144"},"modified":"2025-11-05T12:01:09","modified_gmt":"2025-11-05T17:01:09","slug":"contact-us","status":"publish","type":"page","link":"https:\/\/greekyouth.org\/fr\/contact-us\/","title":{"rendered":"Contactez-nous"},"content":{"rendered":"<div data-elementor-type=\"wp-page\" data-elementor-id=\"144\" class=\"elementor elementor-144\">\n\t\t\t\t<div class=\"elementor-element elementor-element-c027428 e-flex e-con-boxed e-con e-parent\" data-id=\"c027428\" data-element_type=\"container\" data-e-type=\"container\">\n\t\t\t\t\t<div class=\"e-con-inner\">\n\t\t\t\t<div class=\"elementor-element elementor-element-765e46c elementor-widget elementor-widget-heading\" data-id=\"765e46c\" data-element_type=\"widget\" data-e-type=\"widget\" data-widget_type=\"heading.default\">\n\t\t\t\t\t<h1 class=\"elementor-heading-title elementor-size-default\">Contactez-nous<\/h1>\t\t\t\t<\/div>\n\t\t\t\t\t<\/div>\n\t\t\t\t<\/div>\n\t\t<div class=\"elementor-element elementor-element-2886476 e-flex e-con-boxed e-con e-parent\" data-id=\"2886476\" data-element_type=\"container\" data-e-type=\"container\">\n\t\t\t\t\t<div class=\"e-con-inner\">\n\t\t<div class=\"elementor-element elementor-element-9425823 e-con-full e-flex e-con e-child\" data-id=\"9425823\" data-element_type=\"container\" data-e-type=\"container\">\n\t\t\t\t<div class=\"elementor-element elementor-element-e97e420 elementor-widget elementor-widget-text-editor\" data-id=\"e97e420\" data-element_type=\"widget\" data-e-type=\"widget\" data-widget_type=\"text-editor.default\">\n\t\t\t\t\t\t\t\t\t<h5><strong>Notre adresse\u00a0<\/strong><\/h5><p class=\"has-text-align-left\"><strong>Organisation Jeunesse Grecque<br \/>Organisation Jeunesse Grecque<\/strong><\/p><p class=\"has-text-align-left\">261 Rue Saint-Jacques<br \/>Montr\u00e9al, Qu\u00e9bec, H2Y 1M6<\/p><h5><strong>Notre adresse courriel\u00a0<\/strong><\/h5><p class=\"has-text-align-left\">Courriel: info@greekyouth.org<\/p><h5><strong>Notre num\u00e9ro de t\u00e9l\u00e9phone<\/strong><\/h5><p>T\u00e9l\u00e9phone : (514) 963-1323<\/p>\t\t\t\t\t\t\t\t<\/div>\n\t\t\t\t<\/div>\n\t\t<div class=\"elementor-element elementor-element-61d1b7b e-con-full e-flex e-con e-child\" data-id=\"61d1b7b\" data-element_type=\"container\" data-e-type=\"container\">\n\t\t\t\t<div class=\"elementor-element elementor-element-d9e4f8e elementor-widget elementor-widget-google_maps\" data-id=\"d9e4f8e\" data-element_type=\"widget\" data-e-type=\"widget\" data-widget_type=\"google_maps.default\">\n\t\t\t\t\t\t\t<div class=\"elementor-custom-embed\">\n\t\t\t<iframe loading=\"lazy\"\n\t\t\t\t\tsrc=\"https:\/\/maps.google.com\/maps?q=261%20Rue%20Saint-Jacques%20Montr%C3%A9al%2C%20Qu%C3%A9bec%2C%20H2Y%201M6&#038;t=m&#038;z=10&#038;output=embed&#038;iwloc=near\"\n\t\t\t\t\ttitle=\"261 Rue Saint-Jacques Montr\u00e9al, Qu\u00e9bec, H2Y 1M6\"\n\t\t\t\t\taria-label=\"261 Rue Saint-Jacques Montr\u00e9al, Qu\u00e9bec, H2Y 1M6\"\n\t\t\t><\/iframe>\n\t\t<\/div>\n\t\t\t\t\t\t<\/div>\n\t\t\t\t<\/div>\n\t\t\t\t\t<\/div>\n\t\t\t\t<\/div>\n\t\t<div class=\"elementor-element elementor-element-6f890f6 e-flex e-con-boxed e-con e-parent\" data-id=\"6f890f6\" data-element_type=\"container\" data-e-type=\"container\">\n\t\t\t\t\t<div class=\"e-con-inner\">\n\t\t\t\t<div class=\"elementor-element elementor-element-c9320c4 elementor-widget-divider--view-line elementor-widget elementor-widget-divider\" data-id=\"c9320c4\" data-element_type=\"widget\" data-e-type=\"widget\" data-widget_type=\"divider.default\">\n\t\t\t\t\t\t\t<div class=\"elementor-divider\">\n\t\t\t<span class=\"elementor-divider-separator\">\n\t\t\t\t\t\t<\/span>\n\t\t<\/div>\n\t\t\t\t\t\t<\/div>\n\t\t\t\t\t<\/div>\n\t\t\t\t<\/div>\n\t\t<div class=\"elementor-element elementor-element-4e4db7b e-flex e-con-boxed e-con e-parent\" data-id=\"4e4db7b\" data-element_type=\"container\" data-e-type=\"container\">\n\t\t\t\t\t<div class=\"e-con-inner\">\n\t\t<div class=\"elementor-element elementor-element-6feec77 e-con-full e-flex e-con e-child\" data-id=\"6feec77\" data-element_type=\"container\" data-e-type=\"container\">\n\t\t\t\t<div class=\"elementor-element elementor-element-1811655 elementor-widget elementor-widget-text-editor\" data-id=\"1811655\" data-element_type=\"widget\" data-e-type=\"widget\" data-widget_type=\"text-editor.default\">\n\t\t\t\t\t\t\t\t\t<div class=\"page\" title=\"Page 36\"><div class=\"layoutArea\"><div class=\"column\"><h5><strong>Commentaires &amp; Suggestions<\/strong><\/h5><\/div><\/div><div class=\"layoutArea\"><div class=\"column\"><p>Vos commentaires nous aident \u00e0 adapter nos services afin de mieux r\u00e9pondre \u00e0 vos pr\u00e9f\u00e9rences.<\/p><p>N'h\u00e9sitez pas \u00e0 nous faire part de vos id\u00e9es pour les \u00e9v\u00e9nements \u00e0 venir, de vos commentaires sur les \u00e9v\u00e9nements auxquels vous avez particip\u00e9, de vos suggestions d'activit\u00e9s ou de vos suggestions d'am\u00e9liorations pour notre site web.<\/p><\/div><\/div><\/div>\t\t\t\t\t\t\t\t<\/div>\n\t\t\t\t<\/div>\n\t\t<div class=\"elementor-element elementor-element-76c19aa e-con-full e-flex e-con e-child\" data-id=\"76c19aa\" data-element_type=\"container\" data-e-type=\"container\">\n\t\t\t\t<div class=\"elementor-element elementor-element-8ef3316 elementor-widget elementor-widget-text-editor\" data-id=\"8ef3316\" data-element_type=\"widget\" data-e-type=\"widget\" data-widget_type=\"text-editor.default\">\n\t\t\t\t\t\t\t\t\t<div class=\"page\" title=\"Page 32\"><p>\u00a0<\/p><div class=\"layoutArea\"><div class=\"column\"><h5><strong>Soutenez-nous<\/strong><\/h5><p data-start=\"263\" data-end=\"416\">Greek Youth \/ Jeunesse Grecque repose sur la collaboration communautaire.<br data-start=\"330\" data-end=\"333\" \/>Si vous souhaitez contribuer \u00e0 la croissance de notre organisation, vous pouvez vous impliquer de nombreuses fa\u00e7ons:<\/p><ul data-start=\"418\" data-end=\"1397\"><li data-start=\"418\" data-end=\"622\"><p data-start=\"420\" data-end=\"622\"><strong data-start=\"420\" data-end=\"456\">Offrez b\u00e9n\u00e9volement votre temps ou votre expertise<\/strong> \u2013 Soutenez la croissance de Greek Youth en mettant en relation les nouveaux membres jeunes, les parents et les partenaires communautaires. Il s'agit ici de b\u00e2tir notre communaut\u00e9, et non de faire du b\u00e9n\u00e9volat lors d'\u00e9v\u00e9nements organis\u00e9s par d'autres associations.<\/p><\/li><li data-start=\"623\" data-end=\"722\"><p data-start=\"625\" data-end=\"722\"><strong data-start=\"625\" data-end=\"647\">Soumettre des id\u00e9es d'\u00e9v\u00e9nements<\/strong> \u2013 Proposer des activit\u00e9s sociales ou culturelles qui rassemblent les jeunes Grecs.<\/p><\/li><li data-start=\"723\" data-end=\"858\"><p data-start=\"725\" data-end=\"858\"><strong data-start=\"725\" data-end=\"763\">Offrir un soutien ou une expertise en nature<\/strong> \u2013 Apportez des services professionnels, des ressources ou des conseils pouvant renforcer notre plateforme.<\/p><\/li><li data-start=\"859\" data-end=\"1105\"><p data-start=\"861\" data-end=\"1105\"><strong data-start=\"861\" data-end=\"917\">Collaborez en tant qu'association \u00e0 but non lucratif ou communautaire<\/strong> \u2013 Nous sommes ouverts \u00e0 tout partenariat avec des organisations qui viennent en aide \u00e0 la jeunesse grecque ou qui partagent des objectifs similaires. Travaillons ensemble pour promouvoir des \u00e9v\u00e9nements, partager des ressources et renforcer notre r\u00e9seau communautaire.<\/p><\/li><li data-start=\"1106\" data-end=\"1274\"><p data-start=\"1108\" data-end=\"1274\"><strong data-start=\"1108\" data-end=\"1168\">Devenez ambassadeur d'un groupe de jeunes ou organisation partenaire<\/strong> \u2013 Repr\u00e9sentez la jeunesse grecque dans votre \u00e9cole, votre universit\u00e9 ou votre communaut\u00e9, et contribuez \u00e0 \u00e9tablir des ponts \u00e0 travers le Canada.<\/p><\/li><li data-start=\"1275\" data-end=\"1397\"><p data-start=\"1277\" data-end=\"1397\"><strong data-start=\"1277\" data-end=\"1336\">D\u00e9couvrez les projets futurs en mati\u00e8re de dons et de parrainages<\/strong> \u2013 Restez inform\u00e9 des prochaines fa\u00e7ons de soutenir notre croissance.<\/p><\/li><\/ul><p data-start=\"1399\" data-end=\"1540\">Votre implication nous aide \u00e0 mettre en relation les jeunes Grecs \u00e0 travers le Canada, en donnant les moyens \u00e0 la prochaine g\u00e9n\u00e9ration de s'\u00e9panouir gr\u00e2ce \u00e0 la culture, \u00e0 la communaut\u00e9 et \u00e0 la collaboration.<\/p><\/div><\/div><\/div>\t\t\t\t\t\t\t\t<\/div>\n\t\t\t\t<\/div>\n\t\t<div class=\"elementor-element elementor-element-91a4711 e-con-full e-flex e-con e-child\" data-id=\"91a4711\" data-element_type=\"container\" data-e-type=\"container\">\n\t\t\t\t<div class=\"elementor-element elementor-element-eb04f5c elementor-widget elementor-widget-button\" data-id=\"eb04f5c\" data-element_type=\"widget\" data-e-type=\"widget\" data-widget_type=\"button.default\">\n\t\t\t\t\t\t\t\t\t\t<a class=\"elementor-button elementor-button-link elementor-size-sm\" href=\"https:\/\/forms.gle\/LxJ3A1u494NpEmYb8\">\n\t\t\t\t\t\t<span class=\"elementor-button-content-wrapper\">\n\t\t\t\t\t\t<span class=\"elementor-button-icon\">\n\t\t\t\t<svg aria-hidden=\"true\" class=\"e-font-icon-svg e-far-arrow-alt-circle-down\" viewbox=\"0 0 512 512\" xmlns=\"http:\/\/www.w3.org\/2000\/svg\"><path d=\"M256 8C119 8 8 119 8 256s111 248 248 248 248-111 248-248S393 8 256 8zm0 448c-110.5 0-200-89.5-200-200S145.5 56 256 56s200 89.5 200 200-89.5 200-200 200zm-32-316v116h-67c-10.7 0-16 12.9-8.5 20.5l99 99c4.7 4.7 12.3 4.7 17 0l99-99c7.6-7.6 2.2-20.5-8.5-20.5h-67V140c0-6.6-5.4-12-12-12h-40c-6.6 0-12 5.4-12 12z\"><\/path><\/svg>\t\t\t<\/span>\n\t\t\t\t\t\t\t\t\t<span class=\"elementor-button-text\">Formulaire de commentaires et suggestions<\/span>\n\t\t\t\t\t<\/span>\n\t\t\t\t\t<\/a>\n\t\t\t\t\t\t\t\t<\/div>\n\t\t\t\t<\/div>\n\t\t<div class=\"elementor-element elementor-element-bf06c6b e-con-full e-flex e-con e-child\" data-id=\"bf06c6b\" data-element_type=\"container\" data-e-type=\"container\">\n\t\t\t\t<div class=\"elementor-element elementor-element-b20580b elementor-widget elementor-widget-button\" data-id=\"b20580b\" data-element_type=\"widget\" data-e-type=\"widget\" data-widget_type=\"button.default\">\n\t\t\t\t\t\t\t\t\t\t<a class=\"elementor-button elementor-button-link elementor-size-sm\" href=\"https:\/\/forms.gle\/2uraiCae1ycZP6hU9\">\n\t\t\t\t\t\t<span class=\"elementor-button-content-wrapper\">\n\t\t\t\t\t\t<span class=\"elementor-button-icon\">\n\t\t\t\t<svg aria-hidden=\"true\" class=\"e-font-icon-svg e-far-arrow-alt-circle-down\" viewbox=\"0 0 512 512\" xmlns=\"http:\/\/www.w3.org\/2000\/svg\"><path d=\"M256 8C119 8 8 119 8 256s111 248 248 248 248-111 248-248S393 8 256 8zm0 448c-110.5 0-200-89.5-200-200S145.5 56 256 56s200 89.5 200 200-89.5 200-200 200zm-32-316v116h-67c-10.7 0-16 12.9-8.5 20.5l99 99c4.7 4.7 12.3 4.7 17 0l99-99c7.6-7.6 2.2-20.5-8.5-20.5h-67V140c0-6.6-5.4-12-12-12h-40c-6.6 0-12 5.4-12 12z\"><\/path><\/svg>\t\t\t<\/span>\n\t\t\t\t\t\t\t\t\t<span class=\"elementor-button-text\">Formulaire de manifestation d'int\u00e9r\u00eat<\/span>\n\t\t\t\t\t<\/span>\n\t\t\t\t\t<\/a>\n\t\t\t\t\t\t\t\t<\/div>\n\t\t\t\t<\/div>\n\t\t\t\t\t<\/div>\n\t\t\t\t<\/div>\n\t\t\t\t<\/div>","protected":false},"excerpt":{"rendered":"<p>Contact Us Our Address\u00a0 Organisation Jeunesse GrecqueGreek Youth Organization 261 Rue Saint-JacquesMontr\u00e9al, Qu\u00e9bec, H2Y 1M6 Our Email Address\u00a0 Email ID: [&hellip;]<\/p>\n","protected":false},"author":1,"featured_media":0,"parent":0,"menu_order":0,"comment_status":"closed","ping_status":"closed","template":"","meta":{"_coblocks_attr":"","_coblocks_dimensions":"","_coblocks_responsive_height":"","_coblocks_accordion_ie_support":"","site-sidebar-layout":"no-sidebar","site-content-layout":"","ast-site-content-layout":"full-width-container","site-content-style":"default","site-sidebar-style":"default","ast-global-header-display":"","ast-banner-title-visibility":"","ast-main-header-display":"","ast-hfb-above-header-display":"","ast-hfb-below-header-display":"","ast-hfb-mobile-header-display":"","site-post-title":"disabled","ast-breadcrumbs-content":"","ast-featured-img":"disabled","footer-sml-layout":"","ast-disable-related-posts":"","theme-transparent-header-meta":"","adv-header-id-meta":"","stick-header-meta":"","header-above-stick-meta":"","header-main-stick-meta":"","header-below-stick-meta":"","astra-migrate-meta-layouts":"default","ast-page-background-enabled":"default","ast-page-background-meta":{"desktop":{"background-color":"var(--ast-global-color-5)","background-image":"","background-repeat":"repeat","background-position":"center center","background-size":"auto","background-attachment":"scroll","background-type":"","background-media":"","overlay-type":"","overlay-color":"","overlay-opacity":"","overlay-gradient":""},"tablet":{"background-color":"","background-image":"","background-repeat":"repeat","background-position":"center center","background-size":"auto","background-attachment":"scroll","background-type":"","background-media":"","overlay-type":"","overlay-color":"","overlay-opacity":"","overlay-gradient":""},"mobile":{"background-color":"","background-image":"","background-repeat":"repeat","background-position":"center center","background-size":"auto","background-attachment":"scroll","background-type":"","background-media":"","overlay-type":"","overlay-color":"","overlay-opacity":"","overlay-gradient":""}},"ast-content-background-meta":{"desktop":{"background-color":"var(--ast-global-color-4)","background-image":"","background-repeat":"repeat","background-position":"center center","background-size":"auto","background-attachment":"scroll","background-type":"","background-media":"","overlay-type":"","overlay-color":"","overlay-opacity":"","overlay-gradient":""},"tablet":{"background-color":"var(--ast-global-color-4)","background-image":"","background-repeat":"repeat","background-position":"center center","background-size":"auto","background-attachment":"scroll","background-type":"","background-media":"","overlay-type":"","overlay-color":"","overlay-opacity":"","overlay-gradient":""},"mobile":{"background-color":"var(--ast-global-color-4)","background-image":"","background-repeat":"repeat","background-position":"center center","background-size":"auto","background-attachment":"scroll","background-type":"","background-media":"","overlay-type":"","overlay-color":"","overlay-opacity":"","overlay-gradient":""}},"_mc_calendar":[],"footnotes":""},"class_list":["post-144","page","type-page","status-publish","hentry"],"yoast_head":"<!-- This site is optimized with the Yoast SEO plugin v27.5 - https:\/\/yoast.com\/product\/yoast-seo-wordpress\/ -->\n<title>Contact Us \u2013 Greek Youth \/ Jeunesse Grecque<\/title>\n<meta name=\"description\" content=\"Contact the Greek Youth \/ Jeunesse Grecque for event submissions, questions, feedback, or partnership opportunities.\" \/>\n<meta name=\"robots\" content=\"index, follow, max-snippet:-1, max-image-preview:large, max-video-preview:-1\" \/>\n<link rel=\"canonical\" href=\"https:\/\/greekyouth.org\/fr\/contact-us\/\" \/>\n<meta property=\"og:locale\" content=\"fr_CA\" \/>\n<meta property=\"og:type\" content=\"article\" \/>\n<meta property=\"og:title\" content=\"Contact Us \u2013 Greek Youth \/ Jeunesse Grecque | Connect, Collaborate, Get Involved\" \/>\n<meta property=\"og:description\" content=\"Get in touch with Greek Youth \/ Jeunesse Grecque for collaborations, questions, feedback, or partnership opportunities. Let\u2019s build our community together.\" \/>\n<meta property=\"og:url\" content=\"https:\/\/greekyouth.org\/fr\/contact-us\/\" \/>\n<meta property=\"og:site_name\" content=\"Greek Youth Organization\" \/>\n<meta property=\"article:publisher\" content=\"https:\/\/www.facebook.com\/GreekYouthCanada\" \/>\n<meta property=\"article:modified_time\" content=\"2025-11-05T17:01:09+00:00\" \/>\n<meta property=\"og:image\" content=\"https:\/\/greekyouth.org\/wp-content\/uploads\/2025\/10\/Logo-Facebook-72x72-1.png\" \/>\n\t<meta property=\"og:image:width\" content=\"320\" \/>\n\t<meta property=\"og:image:height\" content=\"411\" \/>\n\t<meta property=\"og:image:type\" content=\"image\/png\" \/>\n<meta name=\"twitter:card\" content=\"summary_large_image\" \/>\n<meta name=\"twitter:label1\" content=\"Estimation du temps de lecture\" \/>\n\t<meta name=\"twitter:data1\" content=\"2 minutes\" \/>\n<script type=\"application\/ld+json\" class=\"yoast-schema-graph\">{\"@context\":\"https:\\\/\\\/schema.org\",\"@graph\":[{\"@type\":[\"WebPage\",\"ContactPage\"],\"@id\":\"https:\\\/\\\/greekyouth.org\\\/contact-us\\\/\",\"url\":\"https:\\\/\\\/greekyouth.org\\\/contact-us\\\/\",\"name\":\"Contact Us \u2013 Greek Youth \\\/ Jeunesse Grecque\",\"isPartOf\":{\"@id\":\"https:\\\/\\\/greekyouth.org\\\/#website\"},\"datePublished\":\"2025-09-08T01:08:27+00:00\",\"dateModified\":\"2025-11-05T17:01:09+00:00\",\"description\":\"Contact the Greek Youth \\\/ Jeunesse Grecque for event submissions, questions, feedback, or partnership opportunities.\",\"breadcrumb\":{\"@id\":\"https:\\\/\\\/greekyouth.org\\\/contact-us\\\/#breadcrumb\"},\"inLanguage\":\"fr-CA\",\"potentialAction\":[{\"@type\":\"ReadAction\",\"target\":[\"https:\\\/\\\/greekyouth.org\\\/contact-us\\\/\"]}]},{\"@type\":\"BreadcrumbList\",\"@id\":\"https:\\\/\\\/greekyouth.org\\\/contact-us\\\/#breadcrumb\",\"itemListElement\":[{\"@type\":\"ListItem\",\"position\":1,\"name\":\"Home\",\"item\":\"https:\\\/\\\/greekyouth.org\\\/\"},{\"@type\":\"ListItem\",\"position\":2,\"name\":\"Contact Us\"}]},{\"@type\":\"WebSite\",\"@id\":\"https:\\\/\\\/greekyouth.org\\\/#website\",\"url\":\"https:\\\/\\\/greekyouth.org\\\/\",\"name\":\"Greek Youth \\\/ Jeunesse Grecque\",\"description\":\"Uniting Greek Youth Across Canada\",\"publisher\":{\"@id\":\"https:\\\/\\\/greekyouth.org\\\/#organization\"},\"potentialAction\":[{\"@type\":\"SearchAction\",\"target\":{\"@type\":\"EntryPoint\",\"urlTemplate\":\"https:\\\/\\\/greekyouth.org\\\/?s={search_term_string}\"},\"query-input\":{\"@type\":\"PropertyValueSpecification\",\"valueRequired\":true,\"valueName\":\"search_term_string\"}}],\"inLanguage\":\"fr-CA\"},{\"@type\":\"Organization\",\"@id\":\"https:\\\/\\\/greekyouth.org\\\/#organization\",\"name\":\"Greek Youth Organization\",\"url\":\"https:\\\/\\\/greekyouth.org\\\/\",\"logo\":{\"@type\":\"ImageObject\",\"inLanguage\":\"fr-CA\",\"@id\":\"https:\\\/\\\/greekyouth.org\\\/#\\\/schema\\\/logo\\\/image\\\/\",\"url\":\"https:\\\/\\\/greekyouth.org\\\/wp-content\\\/uploads\\\/2025\\\/06\\\/GREEK-YOUTH-Logo-OFFICIAL-PNG.png\",\"contentUrl\":\"https:\\\/\\\/greekyouth.org\\\/wp-content\\\/uploads\\\/2025\\\/06\\\/GREEK-YOUTH-Logo-OFFICIAL-PNG.png\",\"width\":704,\"height\":1016,\"caption\":\"Greek Youth Organization\"},\"image\":{\"@id\":\"https:\\\/\\\/greekyouth.org\\\/#\\\/schema\\\/logo\\\/image\\\/\"},\"sameAs\":[\"https:\\\/\\\/www.facebook.com\\\/GreekYouthCanada\",\"https:\\\/\\\/www.instagram.com\\\/GreekYouthCanada\"]}]}<\/script>\n<!-- \/ Yoast SEO plugin. -->","yoast_head_json":{"title":"Contact Us \u2013 Greek Youth \/ Jeunesse Grecque","description":"Contact the Greek Youth \/ Jeunesse Grecque for event submissions, questions, feedback, or partnership opportunities.","robots":{"index":"index","follow":"follow","max-snippet":"max-snippet:-1","max-image-preview":"max-image-preview:large","max-video-preview":"max-video-preview:-1"},"canonical":"https:\/\/greekyouth.org\/fr\/contact-us\/","og_locale":"fr_CA","og_type":"article","og_title":"Contact Us \u2013 Greek Youth \/ Jeunesse Grecque | Connect, Collaborate, Get Involved","og_description":"Get in touch with Greek Youth \/ Jeunesse Grecque for collaborations, questions, feedback, or partnership opportunities. Let\u2019s build our community together.","og_url":"https:\/\/greekyouth.org\/fr\/contact-us\/","og_site_name":"Greek Youth Organization","article_publisher":"https:\/\/www.facebook.com\/GreekYouthCanada","article_modified_time":"2025-11-05T17:01:09+00:00","og_image":[{"width":320,"height":411,"url":"https:\/\/greekyouth.org\/wp-content\/uploads\/2025\/10\/Logo-Facebook-72x72-1.png","type":"image\/png"}],"twitter_card":"summary_large_image","twitter_misc":{"Estimation du temps de lecture":"2 minutes"},"schema":{"@context":"https:\/\/schema.org","@graph":[{"@type":["WebPage","ContactPage"],"@id":"https:\/\/greekyouth.org\/contact-us\/","url":"https:\/\/greekyouth.org\/contact-us\/","name":"Contact Us \u2013 Greek Youth \/ Jeunesse Grecque","isPartOf":{"@id":"https:\/\/greekyouth.org\/#website"},"datePublished":"2025-09-08T01:08:27+00:00","dateModified":"2025-11-05T17:01:09+00:00","description":"Contact the Greek Youth \/ Jeunesse Grecque for event submissions, questions, feedback, or partnership opportunities.","breadcrumb":{"@id":"https:\/\/greekyouth.org\/contact-us\/#breadcrumb"},"inLanguage":"fr-CA","potentialAction":[{"@type":"ReadAction","target":["https:\/\/greekyouth.org\/contact-us\/"]}]},{"@type":"BreadcrumbList","@id":"https:\/\/greekyouth.org\/contact-us\/#breadcrumb","itemListElement":[{"@type":"ListItem","position":1,"name":"Home","item":"https:\/\/greekyouth.org\/"},{"@type":"ListItem","position":2,"name":"Contact Us"}]},{"@type":"WebSite","@id":"https:\/\/greekyouth.org\/#website","url":"https:\/\/greekyouth.org\/","name":"Greek Youth \/ Jeunesse Grecque","description":"Unir la Jeunesse Grecque \u00e0 travers le Canada","publisher":{"@id":"https:\/\/greekyouth.org\/#organization"},"potentialAction":[{"@type":"SearchAction","target":{"@type":"EntryPoint","urlTemplate":"https:\/\/greekyouth.org\/?s={search_term_string}"},"query-input":{"@type":"PropertyValueSpecification","valueRequired":true,"valueName":"search_term_string"}}],"inLanguage":"fr-CA"},{"@type":"Organization","@id":"https:\/\/greekyouth.org\/#organization","name":"Organisation Jeunesse Grecque","url":"https:\/\/greekyouth.org\/","logo":{"@type":"ImageObject","inLanguage":"fr-CA","@id":"https:\/\/greekyouth.org\/#\/schema\/logo\/image\/","url":"https:\/\/greekyouth.org\/wp-content\/uploads\/2025\/06\/GREEK-YOUTH-Logo-OFFICIAL-PNG.png","contentUrl":"https:\/\/greekyouth.org\/wp-content\/uploads\/2025\/06\/GREEK-YOUTH-Logo-OFFICIAL-PNG.png","width":704,"height":1016,"caption":"Greek Youth Organization"},"image":{"@id":"https:\/\/greekyouth.org\/#\/schema\/logo\/image\/"},"sameAs":["https:\/\/www.facebook.com\/GreekYouthCanada","https:\/\/www.instagram.com\/GreekYouthCanada"]}]}},"_links":{"self":[{"href":"https:\/\/greekyouth.org\/fr\/wp-json\/wp\/v2\/pages\/144","targetHints":{"allow":["GET"]}}],"collection":[{"href":"https:\/\/greekyouth.org\/fr\/wp-json\/wp\/v2\/pages"}],"about":[{"href":"https:\/\/greekyouth.org\/fr\/wp-json\/wp\/v2\/types\/page"}],"author":[{"embeddable":true,"href":"https:\/\/greekyouth.org\/fr\/wp-json\/wp\/v2\/users\/1"}],"replies":[{"embeddable":true,"href":"https:\/\/greekyouth.org\/fr\/wp-json\/wp\/v2\/comments?post=144"}],"version-history":[{"count":67,"href":"https:\/\/greekyouth.org\/fr\/wp-json\/wp\/v2\/pages\/144\/revisions"}],"predecessor-version":[{"id":1177,"href":"https:\/\/greekyouth.org\/fr\/wp-json\/wp\/v2\/pages\/144\/revisions\/1177"}],"wp:attachment":[{"href":"https:\/\/greekyouth.org\/fr\/wp-json\/wp\/v2\/media?parent=144"}],"curies":[{"name":"wp","href":"https:\/\/api.w.org\/{rel}","templated":true}]}}