{"id":142,"date":"2025-09-08T01:08:26","date_gmt":"2025-09-08T01:08:26","guid":{"rendered":"https:\/\/greekyouth.org\/?page_id=142"},"modified":"2025-11-05T11:56:37","modified_gmt":"2025-11-05T16:56:37","slug":"about-us","status":"publish","type":"page","link":"https:\/\/greekyouth.org\/fr\/about-us\/","title":{"rendered":"\u00c0 propos"},"content":{"rendered":"<div data-elementor-type=\"wp-page\" data-elementor-id=\"142\" class=\"elementor elementor-142\">\n\t\t\t\t<div class=\"elementor-element elementor-element-77befca e-flex e-con-boxed e-con e-parent\" data-id=\"77befca\" data-element_type=\"container\" data-e-type=\"container\">\n\t\t\t\t\t<div class=\"e-con-inner\">\n\t\t\t\t<div class=\"elementor-element elementor-element-5d213d8 elementor-widget elementor-widget-text-editor\" data-id=\"5d213d8\" data-element_type=\"widget\" data-e-type=\"widget\" data-widget_type=\"text-editor.default\">\n\t\t\t\t\t\t\t\t\t<h3><strong>Qui nous sommes<\/strong><\/h3>\t\t\t\t\t\t\t\t<\/div>\n\t\t\t\t<div class=\"elementor-element elementor-element-6f1e0b9 elementor-widget elementor-widget-text-editor\" data-id=\"6f1e0b9\" data-element_type=\"widget\" data-e-type=\"widget\" data-widget_type=\"text-editor.default\">\n\t\t\t\t\t\t\t\t\t<p><span style=\"font-size: 16px;\">Greek Youth \/ Jeunesse Grecque est un organisme \u00e0 but non lucratif qui se consacre \u00e0 mettre en relation les jeunes Grecs (\u00e2g\u00e9s de 12 \u00e0 34 ans) \u00e0 travers le Canada. Notre plateforme rassemble des opportunit\u00e9s sociales, culturelles et professionnelles, aidant les jeunes Grecs \u00e0 tisser des liens, \u00e0 c\u00e9l\u00e9brer leur h\u00e9ritage et \u00e0 s'engager dans leur communaut\u00e9. Apr\u00e8s avoir d\u00e9but\u00e9 au Qu\u00e9bec, nous souhaitons nous d\u00e9velopper \u00e0 l'\u00e9chelle nationale afin de garantir que les jeunes Grecs \u00e0 travers le Canada aient acc\u00e8s \u00e0 des exp\u00e9riences enrichissantes qui renforcent leur identit\u00e9 culturelle et leurs liens communautaires.<\/span><\/p>\t\t\t\t\t\t\t\t<\/div>\n\t\t\t\t<div class=\"elementor-element elementor-element-5224427 elementor-widget elementor-widget-text-editor\" data-id=\"5224427\" data-element_type=\"widget\" data-e-type=\"widget\" data-widget_type=\"text-editor.default\">\n\t\t\t\t\t\t\t\t\t<h3><strong>Notre histoire<\/strong><\/h3>\t\t\t\t\t\t\t\t<\/div>\n\t\t\t\t<div class=\"elementor-element elementor-element-f4bcb15 elementor-widget elementor-widget-text-editor\" data-id=\"f4bcb15\" data-element_type=\"widget\" data-e-type=\"widget\" data-widget_type=\"text-editor.default\">\n\t\t\t\t\t\t\t\t\t<div class=\"page\" title=\"Page 1\"><div class=\"layoutArea\"><div class=\"column\"><div class=\"page\" title=\"Page 1\"><div class=\"layoutArea\"><div class=\"column\"><div class=\"page\" title=\"Page 10\"><div class=\"layoutArea\"><div class=\"column\"><p>\u00ab En tant que m\u00e8re, j'ai remarqu\u00e9 que mes enfants s'\u00e9loignaient progressivement de leur h\u00e9ritage grec pendant leurs ann\u00e9es de secondaire. D\u00e9termin\u00e9e \u00e0 les aider \u00e0 rester en contact avec leurs racines, j'ai commenc\u00e9 \u00e0 organiser des rencontres sociales et \u00e0 assister \u00e0 des \u00e9v\u00e9nements grecs avec eux, renfor\u00e7ant ainsi les liens de notre famille avec d'autres familles grecques de la communaut\u00e9.<\/p><p>Pendant cette p\u00e9riode, j'ai \u00e9galement redonn\u00e9 \u00e0 la communaut\u00e9 en tant que secr\u00e9taire b\u00e9n\u00e9vole du Conseil r\u00e9gional de Montr\u00e9al et membre du comit\u00e9 des relations publiques et du marketing de la Communaut\u00e9 hell\u00e9nique du Grand Montr\u00e9al (janvier 2023 - mars 2024).<\/p><p>Pendant des ann\u00e9es, mes enfants et moi avons suivi de pr\u00e8s les \u00e9coles, associations, organisations \u00e0 but non lucratif et entreprises de divertissement grecques locales, en veillant toujours \u00e0 partager les informations sur les \u00e9v\u00e9nements avec notre r\u00e9seau d'amis grecs. Mais le bouche-\u00e0-oreille ne suffisait pas.<\/p><p>Beaucoup de jeunes Grecs n'ont jamais entendu parler de certains \u00e9v\u00e9nements, tandis que d'autres les ont manqu\u00e9s en raison de calendriers qui se chevauchaient et d'un manque de coordination et de communication entre les organisations grecques. Le constat de ces lacunes en mati\u00e8re de communication, tout en voyant mes enfants devenir de plus en plus fiers de leur h\u00e9ritage grec, m'a inspir\u00e9 \u00e0 passer \u00e0 l'\u00e9tape suivante.<\/p><p>C'est ainsi qu'est n\u00e9e Greek Youth:<br \/>Une plateforme centrale o\u00f9 les jeunes Grecs peuvent facilement d\u00e9couvrir des \u00e9v\u00e9nements sociaux, des exp\u00e9riences culturelles et des opportunit\u00e9s communautaires, le tout en un seul endroit, sans avoir \u00e0 compter sur leurs amis ou leur famille pour savoir ce qui se passe. Greek Youth r\u00e9sout ce probl\u00e8me en regroupant tout cela sur une plateforme facile \u00e0 utiliser.<\/p><p>Et bien que nous soyons fiers d'\u00eatre implant\u00e9s \u00e0 Montr\u00e9al, notre vision ne s'arr\u00eate pas l\u00e0.<\/p><p>Nous esp\u00e9rons \u00e9tendre cette plateforme \u00e0 l'ensemble du Canada, partout o\u00f9 vivent des jeunes grecs, afin de contribuer \u00e0 \u00e9tablir des ponts entre les communaut\u00e9s, les villes et les g\u00e9n\u00e9rations. \u00bb<\/p><p><strong><em>By Evangelia Pantazakos<\/em><\/strong><\/p><\/div><\/div><\/div><\/div><\/div><\/div><\/div><\/div><\/div>\t\t\t\t\t\t\t\t<\/div>\n\t\t\t\t\t<\/div>\n\t\t\t\t<\/div>\n\t\t<div class=\"elementor-element elementor-element-5124f78 e-flex e-con-boxed e-con e-parent\" data-id=\"5124f78\" data-element_type=\"container\" data-e-type=\"container\">\n\t\t\t\t\t<div class=\"e-con-inner\">\n\t\t\t\t<div class=\"elementor-element elementor-element-8cc0e8e elementor-widget elementor-widget-text-editor\" data-id=\"8cc0e8e\" data-element_type=\"widget\" data-e-type=\"widget\" data-widget_type=\"text-editor.default\">\n\t\t\t\t\t\t\t\t\t<h3><strong>Notre Mission<\/strong><\/h3>\t\t\t\t\t\t\t\t<\/div>\n\t\t\t\t\t<\/div>\n\t\t\t\t<\/div>\n\t\t<div class=\"elementor-element elementor-element-2dd61e2 e-flex e-con-boxed e-con e-parent\" data-id=\"2dd61e2\" data-element_type=\"container\" data-e-type=\"container\">\n\t\t\t\t\t<div class=\"e-con-inner\">\n\t\t\t\t<div class=\"elementor-element elementor-element-2d02f81 elementor-widget elementor-widget-text-editor\" data-id=\"2d02f81\" data-element_type=\"widget\" data-e-type=\"widget\" data-widget_type=\"text-editor.default\">\n\t\t\t\t\t\t\t\t\t<div class=\"page\" title=\"Page 1\"><p>Greek Youth a \u00e9t\u00e9 cr\u00e9\u00e9 pour simplifier et rationaliser le processus de d\u00e9couverte et de participation aux \u00e9v\u00e9nements communautaires. Notre objectif est simple:\u00a0 \u00a0 \u00a0 \u00a0 \u00a0 \u00a0 \u00a0<\/p><p><strong><em>Fournir une plateforme en ligne \u00ab tout-en-un \u00bb o\u00f9 les jeunes Grecs peuvent facilement trouver des \u00e9v\u00e9nements, des activit\u00e9s, des emplois et des opportunit\u00e9s de r\u00e9seautage.<\/em><\/strong><\/p><div class=\"layoutArea\"><div class=\"column\"><p>Nous donnons aux jeunes Grecs les moyens d'agir gr\u00e2ce \u00e0 l'engagement social, l'\u00e9ducation culturelle et le d\u00e9veloppement du leadership, en veillant \u00e0 ce qu'ils se sentent connect\u00e9s \u00e0 leurs racines et soutenus dans leur d\u00e9veloppement personnel et professionnel.<br \/>Notre plateforme offre un espace d\u00e9di\u00e9 au r\u00e9seautage, au d\u00e9veloppement du leadership et \u00e0 l'\u00e9ducation culturelle, favorisant ainsi un sentiment d'appartenance tout en veillant \u00e0 pr\u00e9server les traditions et l'histoire grecques pour les g\u00e9n\u00e9rations futures.<\/p><p>Gr\u00e2ce \u00e0 des \u00e9v\u00e9nements, des programmes de mentorat et des partenariats, nous fournissons aux jeunes les ressources et les r\u00e9seaux n\u00e9cessaires pour d\u00e9velopper leurs comp\u00e9tences en leadership, nouer des amiti\u00e9s et c\u00e9l\u00e9brer leur h\u00e9ritage grec. En tant qu'organisation \u00e0 but non lucratif, tous les b\u00e9n\u00e9fices sont r\u00e9investis dans des initiatives qui profitent \u00e0 la jeunesse grecque, garantissant ainsi la p\u00e9rennit\u00e9 et l'impact \u00e0 long terme de la plateforme.<\/p><\/div><\/div><\/div>\t\t\t\t\t\t\t\t<\/div>\n\t\t\t\t\t<\/div>\n\t\t\t\t<\/div>\n\t\t\t\t<\/div>","protected":false},"excerpt":{"rendered":"<p>Who We Are Greek Youth \/ Jeunesse Grecque is a non-profit organization dedicated to connecting Greek youth (ages 12-34) across [&hellip;]<\/p>\n","protected":false},"author":1,"featured_media":0,"parent":0,"menu_order":0,"comment_status":"closed","ping_status":"closed","template":"","meta":{"_coblocks_attr":"","_coblocks_dimensions":"","_coblocks_responsive_height":"","_coblocks_accordion_ie_support":"","site-sidebar-layout":"right-sidebar","site-content-layout":"","ast-site-content-layout":"normal-width-container","site-content-style":"default","site-sidebar-style":"default","ast-global-header-display":"","ast-banner-title-visibility":"","ast-main-header-display":"","ast-hfb-above-header-display":"","ast-hfb-below-header-display":"","ast-hfb-mobile-header-display":"","site-post-title":"disabled","ast-breadcrumbs-content":"","ast-featured-img":"disabled","footer-sml-layout":"","ast-disable-related-posts":"","theme-transparent-header-meta":"disabled","adv-header-id-meta":"","stick-header-meta":"","header-above-stick-meta":"","header-main-stick-meta":"","header-below-stick-meta":"","astra-migrate-meta-layouts":"default","ast-page-background-enabled":"default","ast-page-background-meta":{"desktop":{"background-color":"var(--ast-global-color-5)","background-image":"","background-repeat":"repeat","background-position":"center center","background-size":"auto","background-attachment":"scroll","background-type":"","background-media":"","overlay-type":"","overlay-color":"","overlay-opacity":"","overlay-gradient":""},"tablet":{"background-color":"","background-image":"","background-repeat":"repeat","background-position":"center center","background-size":"auto","background-attachment":"scroll","background-type":"","background-media":"","overlay-type":"","overlay-color":"","overlay-opacity":"","overlay-gradient":""},"mobile":{"background-color":"","background-image":"","background-repeat":"repeat","background-position":"center center","background-size":"auto","background-attachment":"scroll","background-type":"","background-media":"","overlay-type":"","overlay-color":"","overlay-opacity":"","overlay-gradient":""}},"ast-content-background-meta":{"desktop":{"background-color":"var(--ast-global-color-4)","background-image":"","background-repeat":"repeat","background-position":"center center","background-size":"auto","background-attachment":"scroll","background-type":"","background-media":"","overlay-type":"","overlay-color":"","overlay-opacity":"","overlay-gradient":""},"tablet":{"background-color":"var(--ast-global-color-4)","background-image":"","background-repeat":"repeat","background-position":"center center","background-size":"auto","background-attachment":"scroll","background-type":"","background-media":"","overlay-type":"","overlay-color":"","overlay-opacity":"","overlay-gradient":""},"mobile":{"background-color":"var(--ast-global-color-4)","background-image":"","background-repeat":"repeat","background-position":"center center","background-size":"auto","background-attachment":"scroll","background-type":"","background-media":"","overlay-type":"","overlay-color":"","overlay-opacity":"","overlay-gradient":""}},"_mc_calendar":[],"footnotes":""},"class_list":["post-142","page","type-page","status-publish","hentry"],"yoast_head":"<!-- This site is optimized with the Yoast SEO plugin v27.5 - https:\/\/yoast.com\/product\/yoast-seo-wordpress\/ -->\n<title>About Us \u2013 Greek Youth \/ Jeunesse Grecque | Our Mission &amp; Story<\/title>\n<meta name=\"description\" content=\"Learn about Greek Youth \/ Jeunesse Grecque, a non-profit connecting Greek youth across Canada through culture, social, community and collaboration. Empowering Greek Youth. Building Community. Shaping Futures.\" \/>\n<meta name=\"robots\" content=\"index, follow, max-snippet:-1, max-image-preview:large, max-video-preview:-1\" \/>\n<link rel=\"canonical\" href=\"https:\/\/greekyouth.org\/fr\/about-us\/\" \/>\n<meta property=\"og:locale\" content=\"fr_CA\" \/>\n<meta property=\"og:type\" content=\"article\" \/>\n<meta property=\"og:title\" content=\"About Us \u2013 Greek Youth \/ Jeunesse Grecque | Our Mission &amp; Story\" \/>\n<meta property=\"og:description\" content=\"Learn about Greek Youth \/ Jeunesse Grecque, a non-profit connecting Greek youth across Canada through culture, social, community and collaboration. Empowering Greek Youth. Building Community. Shaping Futures.\" \/>\n<meta property=\"og:url\" content=\"https:\/\/greekyouth.org\/fr\/about-us\/\" \/>\n<meta property=\"og:site_name\" content=\"Greek Youth Organization\" \/>\n<meta property=\"article:publisher\" content=\"https:\/\/www.facebook.com\/GreekYouthCanada\" \/>\n<meta property=\"article:modified_time\" content=\"2025-11-05T16:56:37+00:00\" \/>\n<meta property=\"og:image\" content=\"https:\/\/greekyouth.org\/wp-content\/uploads\/2025\/10\/Logo-Facebook-72x72-1.png\" \/>\n\t<meta property=\"og:image:width\" content=\"320\" \/>\n\t<meta property=\"og:image:height\" content=\"411\" \/>\n\t<meta property=\"og:image:type\" content=\"image\/png\" \/>\n<meta name=\"twitter:card\" content=\"summary_large_image\" \/>\n<meta name=\"twitter:label1\" content=\"Estimation du temps de lecture\" \/>\n\t<meta name=\"twitter:data1\" content=\"3 minutes\" \/>\n<script type=\"application\/ld+json\" class=\"yoast-schema-graph\">{\"@context\":\"https:\\\/\\\/schema.org\",\"@graph\":[{\"@type\":\"WebPage\",\"@id\":\"https:\\\/\\\/greekyouth.org\\\/about-us\\\/\",\"url\":\"https:\\\/\\\/greekyouth.org\\\/about-us\\\/\",\"name\":\"About Us \u2013 Greek Youth \\\/ Jeunesse Grecque | Our Mission & Story\",\"isPartOf\":{\"@id\":\"https:\\\/\\\/greekyouth.org\\\/#website\"},\"datePublished\":\"2025-09-08T01:08:26+00:00\",\"dateModified\":\"2025-11-05T16:56:37+00:00\",\"description\":\"Learn about Greek Youth \\\/ Jeunesse Grecque, a non-profit connecting Greek youth across Canada through culture, social, community and collaboration. Empowering Greek Youth. Building Community. Shaping Futures.\",\"breadcrumb\":{\"@id\":\"https:\\\/\\\/greekyouth.org\\\/about-us\\\/#breadcrumb\"},\"inLanguage\":\"fr-CA\",\"potentialAction\":[{\"@type\":\"ReadAction\",\"target\":[\"https:\\\/\\\/greekyouth.org\\\/about-us\\\/\"]}]},{\"@type\":\"BreadcrumbList\",\"@id\":\"https:\\\/\\\/greekyouth.org\\\/about-us\\\/#breadcrumb\",\"itemListElement\":[{\"@type\":\"ListItem\",\"position\":1,\"name\":\"Home\",\"item\":\"https:\\\/\\\/greekyouth.org\\\/\"},{\"@type\":\"ListItem\",\"position\":2,\"name\":\"About Us\"}]},{\"@type\":\"WebSite\",\"@id\":\"https:\\\/\\\/greekyouth.org\\\/#website\",\"url\":\"https:\\\/\\\/greekyouth.org\\\/\",\"name\":\"Greek Youth \\\/ Jeunesse Grecque\",\"description\":\"Uniting Greek Youth Across Canada\",\"publisher\":{\"@id\":\"https:\\\/\\\/greekyouth.org\\\/#organization\"},\"potentialAction\":[{\"@type\":\"SearchAction\",\"target\":{\"@type\":\"EntryPoint\",\"urlTemplate\":\"https:\\\/\\\/greekyouth.org\\\/?s={search_term_string}\"},\"query-input\":{\"@type\":\"PropertyValueSpecification\",\"valueRequired\":true,\"valueName\":\"search_term_string\"}}],\"inLanguage\":\"fr-CA\"},{\"@type\":\"Organization\",\"@id\":\"https:\\\/\\\/greekyouth.org\\\/#organization\",\"name\":\"Greek Youth Organization\",\"url\":\"https:\\\/\\\/greekyouth.org\\\/\",\"logo\":{\"@type\":\"ImageObject\",\"inLanguage\":\"fr-CA\",\"@id\":\"https:\\\/\\\/greekyouth.org\\\/#\\\/schema\\\/logo\\\/image\\\/\",\"url\":\"https:\\\/\\\/greekyouth.org\\\/wp-content\\\/uploads\\\/2025\\\/06\\\/GREEK-YOUTH-Logo-OFFICIAL-PNG.png\",\"contentUrl\":\"https:\\\/\\\/greekyouth.org\\\/wp-content\\\/uploads\\\/2025\\\/06\\\/GREEK-YOUTH-Logo-OFFICIAL-PNG.png\",\"width\":704,\"height\":1016,\"caption\":\"Greek Youth Organization\"},\"image\":{\"@id\":\"https:\\\/\\\/greekyouth.org\\\/#\\\/schema\\\/logo\\\/image\\\/\"},\"sameAs\":[\"https:\\\/\\\/www.facebook.com\\\/GreekYouthCanada\",\"https:\\\/\\\/www.instagram.com\\\/GreekYouthCanada\"]}]}<\/script>\n<!-- \/ Yoast SEO plugin. -->","yoast_head_json":{"title":"About Us \u2013 Greek Youth \/ Jeunesse Grecque | Our Mission & Story","description":"Learn about Greek Youth \/ Jeunesse Grecque, a non-profit connecting Greek youth across Canada through culture, social, community and collaboration. Empowering Greek Youth. Building Community. Shaping Futures.","robots":{"index":"index","follow":"follow","max-snippet":"max-snippet:-1","max-image-preview":"max-image-preview:large","max-video-preview":"max-video-preview:-1"},"canonical":"https:\/\/greekyouth.org\/fr\/about-us\/","og_locale":"fr_CA","og_type":"article","og_title":"About Us \u2013 Greek Youth \/ Jeunesse Grecque | Our Mission & Story","og_description":"Learn about Greek Youth \/ Jeunesse Grecque, a non-profit connecting Greek youth across Canada through culture, social, community and collaboration. Empowering Greek Youth. Building Community. Shaping Futures.","og_url":"https:\/\/greekyouth.org\/fr\/about-us\/","og_site_name":"Greek Youth Organization","article_publisher":"https:\/\/www.facebook.com\/GreekYouthCanada","article_modified_time":"2025-11-05T16:56:37+00:00","og_image":[{"width":320,"height":411,"url":"https:\/\/greekyouth.org\/wp-content\/uploads\/2025\/10\/Logo-Facebook-72x72-1.png","type":"image\/png"}],"twitter_card":"summary_large_image","twitter_misc":{"Estimation du temps de lecture":"3 minutes"},"schema":{"@context":"https:\/\/schema.org","@graph":[{"@type":"WebPage","@id":"https:\/\/greekyouth.org\/about-us\/","url":"https:\/\/greekyouth.org\/about-us\/","name":"About Us \u2013 Greek Youth \/ Jeunesse Grecque | Our Mission & Story","isPartOf":{"@id":"https:\/\/greekyouth.org\/#website"},"datePublished":"2025-09-08T01:08:26+00:00","dateModified":"2025-11-05T16:56:37+00:00","description":"Learn about Greek Youth \/ Jeunesse Grecque, a non-profit connecting Greek youth across Canada through culture, social, community and collaboration. Empowering Greek Youth. Building Community. Shaping Futures.","breadcrumb":{"@id":"https:\/\/greekyouth.org\/about-us\/#breadcrumb"},"inLanguage":"fr-CA","potentialAction":[{"@type":"ReadAction","target":["https:\/\/greekyouth.org\/about-us\/"]}]},{"@type":"BreadcrumbList","@id":"https:\/\/greekyouth.org\/about-us\/#breadcrumb","itemListElement":[{"@type":"ListItem","position":1,"name":"Home","item":"https:\/\/greekyouth.org\/"},{"@type":"ListItem","position":2,"name":"About Us"}]},{"@type":"WebSite","@id":"https:\/\/greekyouth.org\/#website","url":"https:\/\/greekyouth.org\/","name":"Greek Youth \/ Jeunesse Grecque","description":"Unir la Jeunesse Grecque \u00e0 travers le Canada","publisher":{"@id":"https:\/\/greekyouth.org\/#organization"},"potentialAction":[{"@type":"SearchAction","target":{"@type":"EntryPoint","urlTemplate":"https:\/\/greekyouth.org\/?s={search_term_string}"},"query-input":{"@type":"PropertyValueSpecification","valueRequired":true,"valueName":"search_term_string"}}],"inLanguage":"fr-CA"},{"@type":"Organization","@id":"https:\/\/greekyouth.org\/#organization","name":"Organisation Jeunesse Grecque","url":"https:\/\/greekyouth.org\/","logo":{"@type":"ImageObject","inLanguage":"fr-CA","@id":"https:\/\/greekyouth.org\/#\/schema\/logo\/image\/","url":"https:\/\/greekyouth.org\/wp-content\/uploads\/2025\/06\/GREEK-YOUTH-Logo-OFFICIAL-PNG.png","contentUrl":"https:\/\/greekyouth.org\/wp-content\/uploads\/2025\/06\/GREEK-YOUTH-Logo-OFFICIAL-PNG.png","width":704,"height":1016,"caption":"Greek Youth Organization"},"image":{"@id":"https:\/\/greekyouth.org\/#\/schema\/logo\/image\/"},"sameAs":["https:\/\/www.facebook.com\/GreekYouthCanada","https:\/\/www.instagram.com\/GreekYouthCanada"]}]}},"_links":{"self":[{"href":"https:\/\/greekyouth.org\/fr\/wp-json\/wp\/v2\/pages\/142","targetHints":{"allow":["GET"]}}],"collection":[{"href":"https:\/\/greekyouth.org\/fr\/wp-json\/wp\/v2\/pages"}],"about":[{"href":"https:\/\/greekyouth.org\/fr\/wp-json\/wp\/v2\/types\/page"}],"author":[{"embeddable":true,"href":"https:\/\/greekyouth.org\/fr\/wp-json\/wp\/v2\/users\/1"}],"replies":[{"embeddable":true,"href":"https:\/\/greekyouth.org\/fr\/wp-json\/wp\/v2\/comments?post=142"}],"version-history":[{"count":71,"href":"https:\/\/greekyouth.org\/fr\/wp-json\/wp\/v2\/pages\/142\/revisions"}],"predecessor-version":[{"id":2777,"href":"https:\/\/greekyouth.org\/fr\/wp-json\/wp\/v2\/pages\/142\/revisions\/2777"}],"wp:attachment":[{"href":"https:\/\/greekyouth.org\/fr\/wp-json\/wp\/v2\/media?parent=142"}],"curies":[{"name":"wp","href":"https:\/\/api.w.org\/{rel}","templated":true}]}}